{"id":569,"date":"2021-03-17T05:23:10","date_gmt":"2021-03-17T05:23:10","guid":{"rendered":"https:\/\/gspotkiteboarding.lt\/?post_type=product&#038;p=569"},"modified":"2025-09-04T11:19:27","modified_gmt":"2025-09-04T11:19:27","slug":"progresas","status":"publish","type":"product","link":"https:\/\/gspotkiteboarding.lt\/en\/product\/progresas\/","title":{"rendered":"1 HOUR PROGRESS"},"content":{"rendered":"","protected":false},"excerpt":{"rendered":"<h3>*A DEPOSIT OF 20 EUR IS PAID WHEN PURCHASING A COURSE. YOU WILL PAY THE REMAINING AMOUNT (80 EUR) UPON YOUR ARRIVAL.<\/h3>\n<p>The course includes:<\/p>\n<p>&nbsp;<\/p>\n<p>\u2022 Private 1 hour progress lesson<br \/>\n\u2022 Theory on the shore<br \/>\n\u2022 Trick demonstration<br \/>\n\u2022 BBtalkin radio helmets<br \/>\n\u2022 Lesson analysis<\/p>\n<p>&nbsp;<\/p>\n<p>Once we receive your order, we will contact you within 24 hours to discuss your course plan. Courses are valid for one year from the date of purchase. See you on the water!<\/p>","protected":false},"featured_media":4692,"comment_status":"open","ping_status":"closed","template":"","meta":{"inline_featured_image":false,"ocean_post_layout":"full-width","ocean_both_sidebars_style":"","ocean_both_sidebars_content_width":0,"ocean_both_sidebars_sidebars_width":0,"ocean_sidebar":"0","ocean_second_sidebar":"0","ocean_disable_margins":"enable","ocean_add_body_class":"","ocean_shortcode_before_top_bar":"","ocean_shortcode_after_top_bar":"","ocean_shortcode_before_header":"","ocean_shortcode_after_header":"","ocean_has_shortcode":"","ocean_shortcode_after_title":"","ocean_shortcode_before_footer_widgets":"","ocean_shortcode_after_footer_widgets":"","ocean_shortcode_before_footer_bottom":"","ocean_shortcode_after_footer_bottom":"","ocean_display_top_bar":"default","ocean_display_header":"default","ocean_header_style":"","ocean_center_header_left_menu":"0","ocean_custom_header_template":"0","ocean_custom_logo":0,"ocean_custom_retina_logo":0,"ocean_custom_logo_max_width":0,"ocean_custom_logo_tablet_max_width":0,"ocean_custom_logo_mobile_max_width":0,"ocean_custom_logo_max_height":0,"ocean_custom_logo_tablet_max_height":0,"ocean_custom_logo_mobile_max_height":0,"ocean_header_custom_menu":"0","ocean_menu_typo_font_family":"0","ocean_menu_typo_font_subset":"","ocean_menu_typo_font_size":0,"ocean_menu_typo_font_size_tablet":0,"ocean_menu_typo_font_size_mobile":0,"ocean_menu_typo_font_size_unit":"px","ocean_menu_typo_font_weight":"","ocean_menu_typo_font_weight_tablet":"","ocean_menu_typo_font_weight_mobile":"","ocean_menu_typo_transform":"","ocean_menu_typo_transform_tablet":"","ocean_menu_typo_transform_mobile":"","ocean_menu_typo_line_height":0,"ocean_menu_typo_line_height_tablet":0,"ocean_menu_typo_line_height_mobile":0,"ocean_menu_typo_line_height_unit":"","ocean_menu_typo_spacing":0,"ocean_menu_typo_spacing_tablet":0,"ocean_menu_typo_spacing_mobile":0,"ocean_menu_typo_spacing_unit":"","ocean_menu_link_color":"","ocean_menu_link_color_hover":"","ocean_menu_link_color_active":"","ocean_menu_link_background":"","ocean_menu_link_hover_background":"","ocean_menu_link_active_background":"","ocean_menu_social_links_bg":"","ocean_menu_social_hover_links_bg":"","ocean_menu_social_links_color":"","ocean_menu_social_hover_links_color":"","ocean_disable_title":"on","ocean_disable_heading":"default","ocean_post_title":"","ocean_post_subheading":"","ocean_post_title_style":"","ocean_post_title_background_color":"","ocean_post_title_background":0,"ocean_post_title_bg_image_position":"","ocean_post_title_bg_image_attachment":"","ocean_post_title_bg_image_repeat":"","ocean_post_title_bg_image_size":"","ocean_post_title_height":0,"ocean_post_title_bg_overlay":0.5,"ocean_post_title_bg_overlay_color":"","ocean_disable_breadcrumbs":"default","ocean_breadcrumbs_color":"","ocean_breadcrumbs_separator_color":"","ocean_breadcrumbs_links_color":"","ocean_breadcrumbs_links_hover_color":"","ocean_display_footer_widgets":"default","ocean_display_footer_bottom":"default","ocean_custom_footer_template":"0"},"product_brand":[],"product_cat":[22],"product_tag":[],"class_list":{"0":"post-569","1":"product","2":"type-product","3":"status-publish","4":"has-post-thumbnail","6":"product_cat-kursai","8":"entry","9":"has-media","11":"first","12":"instock","13":"shipping-taxable","14":"purchasable","15":"product-type-simple","16":"has-product-nav","17":"col","18":"span_1_of_3","19":"owp-content-center","20":"owp-thumbs-layout-horizontal","21":"owp-btn-normal","22":"owp-tabs-layout-horizontal","23":"has-no-thumbnails"},"yoast_head":"<!-- This site is optimized with the Yoast SEO plugin v24.6 - https:\/\/yoast.com\/wordpress\/plugins\/seo\/ -->\n<title>1 VAL. PROGRESAS - gspotkiteboarding.lt<\/title>\n<meta name=\"description\" content=\"Individual\u016bs progreso kursai su pa\u017eangiausiais Gspot Kiteboarding instruktoriais. Mokymai apima plat\u0173 spektr\u0105 triuk\u0173 \u2013 nuo paprast\u0173 pos\u016bki\u0173, pirm\u0173j\u0173 \u0161uoliuk\u0173 iki megaloop\u2019\u0173 ir old school ar foilo pamok\u0173.\" \/>\n<meta name=\"robots\" content=\"index, follow, max-snippet:-1, max-image-preview:large, max-video-preview:-1\" \/>\n<link rel=\"canonical\" href=\"https:\/\/gspotkiteboarding.lt\/en\/product\/progresas\/\" \/>\n<meta property=\"og:locale\" content=\"en_GB\" \/>\n<meta property=\"og:type\" content=\"article\" \/>\n<meta property=\"og:title\" content=\"1 VAL. PROGRESAS - gspotkiteboarding.lt\" \/>\n<meta property=\"og:description\" content=\"Individual\u016bs progreso kursai su pa\u017eangiausiais Gspot Kiteboarding instruktoriais. Mokymai apima plat\u0173 spektr\u0105 triuk\u0173 \u2013 nuo paprast\u0173 pos\u016bki\u0173, pirm\u0173j\u0173 \u0161uoliuk\u0173 iki megaloop\u2019\u0173 ir old school ar foilo pamok\u0173.\" \/>\n<meta property=\"og:url\" content=\"https:\/\/gspotkiteboarding.lt\/en\/product\/progresas\/\" \/>\n<meta property=\"og:site_name\" content=\"gspotkiteboarding.lt\" \/>\n<meta property=\"article:publisher\" content=\"https:\/\/www.facebook.com\/gspotkiteboarding\" \/>\n<meta property=\"article:modified_time\" content=\"2025-09-04T11:19:27+00:00\" \/>\n<meta property=\"og:image\" content=\"http:\/\/gspotkiteboarding.lt\/wp-content\/uploads\/2021\/03\/1-scaled.jpg\" \/>\n\t<meta property=\"og:image:width\" content=\"2560\" \/>\n\t<meta property=\"og:image:height\" content=\"1706\" \/>\n\t<meta property=\"og:image:type\" content=\"image\/jpeg\" \/>\n<meta name=\"twitter:card\" content=\"summary_large_image\" \/>\n<meta name=\"twitter:label1\" content=\"Estimated reading time\" \/>\n\t<meta name=\"twitter:data1\" content=\"1 minute\" \/>\n<script type=\"application\/ld+json\" class=\"yoast-schema-graph\">{\"@context\":\"https:\/\/schema.org\",\"@graph\":[{\"@type\":\"WebPage\",\"@id\":\"https:\/\/gspotkiteboarding.lt\/produktas\/progresas\/\",\"url\":\"https:\/\/gspotkiteboarding.lt\/produktas\/progresas\/\",\"name\":\"1 VAL. PROGRESAS - gspotkiteboarding.lt\",\"isPartOf\":{\"@id\":\"https:\/\/gspotkiteboarding.lt\/#website\"},\"primaryImageOfPage\":{\"@id\":\"https:\/\/gspotkiteboarding.lt\/produktas\/progresas\/#primaryimage\"},\"image\":{\"@id\":\"https:\/\/gspotkiteboarding.lt\/produktas\/progresas\/#primaryimage\"},\"thumbnailUrl\":\"https:\/\/gspotkiteboarding.lt\/wp-content\/uploads\/2021\/03\/1-scaled.jpg\",\"datePublished\":\"2021-03-17T05:23:10+00:00\",\"dateModified\":\"2025-09-04T11:19:27+00:00\",\"description\":\"Individual\u016bs progreso kursai su pa\u017eangiausiais Gspot Kiteboarding instruktoriais. Mokymai apima plat\u0173 spektr\u0105 triuk\u0173 \u2013 nuo paprast\u0173 pos\u016bki\u0173, pirm\u0173j\u0173 \u0161uoliuk\u0173 iki megaloop\u2019\u0173 ir old school ar foilo pamok\u0173.\",\"breadcrumb\":{\"@id\":\"https:\/\/gspotkiteboarding.lt\/produktas\/progresas\/#breadcrumb\"},\"inLanguage\":\"en-GB\",\"potentialAction\":[{\"@type\":\"ReadAction\",\"target\":[\"https:\/\/gspotkiteboarding.lt\/produktas\/progresas\/\"]}]},{\"@type\":\"ImageObject\",\"inLanguage\":\"en-GB\",\"@id\":\"https:\/\/gspotkiteboarding.lt\/produktas\/progresas\/#primaryimage\",\"url\":\"https:\/\/gspotkiteboarding.lt\/wp-content\/uploads\/2021\/03\/1-scaled.jpg\",\"contentUrl\":\"https:\/\/gspotkiteboarding.lt\/wp-content\/uploads\/2021\/03\/1-scaled.jpg\",\"width\":2560,\"height\":1706},{\"@type\":\"BreadcrumbList\",\"@id\":\"https:\/\/gspotkiteboarding.lt\/produktas\/progresas\/#breadcrumb\",\"itemListElement\":[{\"@type\":\"ListItem\",\"position\":1,\"name\":\"Home\",\"item\":\"https:\/\/gspotkiteboarding.lt\/\"},{\"@type\":\"ListItem\",\"position\":2,\"name\":\"Privatu: Parduotuv\u0117\",\"item\":\"https:\/\/gspotkiteboarding.lt\/?page_id=547\"},{\"@type\":\"ListItem\",\"position\":3,\"name\":\"1 VAL. PROGRESAS\"}]},{\"@type\":\"WebSite\",\"@id\":\"https:\/\/gspotkiteboarding.lt\/#website\",\"url\":\"https:\/\/gspotkiteboarding.lt\/\",\"name\":\"gspotkiteboarding.lt\",\"description\":\"laikas i\u0161\u0161\u016bkiams!\",\"potentialAction\":[{\"@type\":\"SearchAction\",\"target\":{\"@type\":\"EntryPoint\",\"urlTemplate\":\"https:\/\/gspotkiteboarding.lt\/?s={search_term_string}\"},\"query-input\":{\"@type\":\"PropertyValueSpecification\",\"valueRequired\":true,\"valueName\":\"search_term_string\"}}],\"inLanguage\":\"en-GB\"}]}<\/script>\n<!-- \/ Yoast SEO plugin. -->","yoast_head_json":{"title":"1 VAL. PROGRESAS - gspotkiteboarding.lt","description":"Individual\u016bs progreso kursai su pa\u017eangiausiais Gspot Kiteboarding instruktoriais. Mokymai apima plat\u0173 spektr\u0105 triuk\u0173 \u2013 nuo paprast\u0173 pos\u016bki\u0173, pirm\u0173j\u0173 \u0161uoliuk\u0173 iki megaloop\u2019\u0173 ir old school ar foilo pamok\u0173.","robots":{"index":"index","follow":"follow","max-snippet":"max-snippet:-1","max-image-preview":"max-image-preview:large","max-video-preview":"max-video-preview:-1"},"canonical":"https:\/\/gspotkiteboarding.lt\/en\/product\/progresas\/","og_locale":"en_GB","og_type":"article","og_title":"1 VAL. PROGRESAS - gspotkiteboarding.lt","og_description":"Individual\u016bs progreso kursai su pa\u017eangiausiais Gspot Kiteboarding instruktoriais. Mokymai apima plat\u0173 spektr\u0105 triuk\u0173 \u2013 nuo paprast\u0173 pos\u016bki\u0173, pirm\u0173j\u0173 \u0161uoliuk\u0173 iki megaloop\u2019\u0173 ir old school ar foilo pamok\u0173.","og_url":"https:\/\/gspotkiteboarding.lt\/en\/product\/progresas\/","og_site_name":"gspotkiteboarding.lt","article_publisher":"https:\/\/www.facebook.com\/gspotkiteboarding","article_modified_time":"2025-09-04T11:19:27+00:00","og_image":[{"width":2560,"height":1706,"url":"http:\/\/gspotkiteboarding.lt\/wp-content\/uploads\/2021\/03\/1-scaled.jpg","type":"image\/jpeg"}],"twitter_card":"summary_large_image","twitter_misc":{"Estimated reading time":"1 minute"},"schema":{"@context":"https:\/\/schema.org","@graph":[{"@type":"WebPage","@id":"https:\/\/gspotkiteboarding.lt\/produktas\/progresas\/","url":"https:\/\/gspotkiteboarding.lt\/produktas\/progresas\/","name":"1 VAL. PROGRESAS - gspotkiteboarding.lt","isPartOf":{"@id":"https:\/\/gspotkiteboarding.lt\/#website"},"primaryImageOfPage":{"@id":"https:\/\/gspotkiteboarding.lt\/produktas\/progresas\/#primaryimage"},"image":{"@id":"https:\/\/gspotkiteboarding.lt\/produktas\/progresas\/#primaryimage"},"thumbnailUrl":"https:\/\/gspotkiteboarding.lt\/wp-content\/uploads\/2021\/03\/1-scaled.jpg","datePublished":"2021-03-17T05:23:10+00:00","dateModified":"2025-09-04T11:19:27+00:00","description":"Individual\u016bs progreso kursai su pa\u017eangiausiais Gspot Kiteboarding instruktoriais. Mokymai apima plat\u0173 spektr\u0105 triuk\u0173 \u2013 nuo paprast\u0173 pos\u016bki\u0173, pirm\u0173j\u0173 \u0161uoliuk\u0173 iki megaloop\u2019\u0173 ir old school ar foilo pamok\u0173.","breadcrumb":{"@id":"https:\/\/gspotkiteboarding.lt\/produktas\/progresas\/#breadcrumb"},"inLanguage":"en-GB","potentialAction":[{"@type":"ReadAction","target":["https:\/\/gspotkiteboarding.lt\/produktas\/progresas\/"]}]},{"@type":"ImageObject","inLanguage":"en-GB","@id":"https:\/\/gspotkiteboarding.lt\/produktas\/progresas\/#primaryimage","url":"https:\/\/gspotkiteboarding.lt\/wp-content\/uploads\/2021\/03\/1-scaled.jpg","contentUrl":"https:\/\/gspotkiteboarding.lt\/wp-content\/uploads\/2021\/03\/1-scaled.jpg","width":2560,"height":1706},{"@type":"BreadcrumbList","@id":"https:\/\/gspotkiteboarding.lt\/produktas\/progresas\/#breadcrumb","itemListElement":[{"@type":"ListItem","position":1,"name":"Home","item":"https:\/\/gspotkiteboarding.lt\/"},{"@type":"ListItem","position":2,"name":"Privatu: Parduotuv\u0117","item":"https:\/\/gspotkiteboarding.lt\/?page_id=547"},{"@type":"ListItem","position":3,"name":"1 VAL. PROGRESAS"}]},{"@type":"WebSite","@id":"https:\/\/gspotkiteboarding.lt\/#website","url":"https:\/\/gspotkiteboarding.lt\/","name":"gspotkiteboarding.lt","description":"laikas i\u0161\u0161\u016bkiams!","potentialAction":[{"@type":"SearchAction","target":{"@type":"EntryPoint","urlTemplate":"https:\/\/gspotkiteboarding.lt\/?s={search_term_string}"},"query-input":{"@type":"PropertyValueSpecification","valueRequired":true,"valueName":"search_term_string"}}],"inLanguage":"en-GB"}]}},"_links":{"self":[{"href":"https:\/\/gspotkiteboarding.lt\/en\/wp-json\/wp\/v2\/product\/569","targetHints":{"allow":["GET"]}}],"collection":[{"href":"https:\/\/gspotkiteboarding.lt\/en\/wp-json\/wp\/v2\/product"}],"about":[{"href":"https:\/\/gspotkiteboarding.lt\/en\/wp-json\/wp\/v2\/types\/product"}],"replies":[{"embeddable":true,"href":"https:\/\/gspotkiteboarding.lt\/en\/wp-json\/wp\/v2\/comments?post=569"}],"wp:featuredmedia":[{"embeddable":true,"href":"https:\/\/gspotkiteboarding.lt\/en\/wp-json\/wp\/v2\/media\/4692"}],"wp:attachment":[{"href":"https:\/\/gspotkiteboarding.lt\/en\/wp-json\/wp\/v2\/media?parent=569"}],"wp:term":[{"taxonomy":"product_brand","embeddable":true,"href":"https:\/\/gspotkiteboarding.lt\/en\/wp-json\/wp\/v2\/product_brand?post=569"},{"taxonomy":"product_cat","embeddable":true,"href":"https:\/\/gspotkiteboarding.lt\/en\/wp-json\/wp\/v2\/product_cat?post=569"},{"taxonomy":"product_tag","embeddable":true,"href":"https:\/\/gspotkiteboarding.lt\/en\/wp-json\/wp\/v2\/product_tag?post=569"}],"curies":[{"name":"wp","href":"https:\/\/api.w.org\/{rel}","templated":true}]}}