{"id":1561,"date":"2021-03-28T05:08:18","date_gmt":"2021-03-28T05:08:18","guid":{"rendered":"https:\/\/gspotkiteboarding.lt\/?post_type=product&#038;p=1561"},"modified":"2026-04-07T13:29:55","modified_gmt":"2026-04-07T13:29:55","slug":"individualus-2-val-kursas","status":"publish","type":"product","link":"https:\/\/gspotkiteboarding.lt\/en\/product\/individualus-2-val-kursas\/","title":{"rendered":"INDIVIDUAL 2-HOUR COURSE"},"content":{"rendered":"","protected":false},"excerpt":{"rendered":"<h3>*WHEN PURCHASING A COURSE, A DEPOSIT OF 30 EUR IS REQUIRED. YOU WILL PAY THE REMAINING AMOUNT (150 EUR) UPON YOUR ARRIVAL FOR THE COURSE<\/h3>\n<p>During this course, you will learn how to prepare your kitesurfing equipment, receive all the necessary theory about power kites, and gain an understanding of wind directions and strength. During the lesson, you will control a training kite on land, and if there is time left, you\u2019ll head into the water to practice \"bodydrag\". The course includes:<\/p>\n<p>&nbsp;<\/p>\n<p>\u2022 Private 2 hour lesson<\/p>\n<p>\u2022 Theory and practice on shore<\/p>\n<p>\u2022 All necessary equipment<\/p>\n<p>\u2022 Guaranteed progress<\/p>\n<p>&nbsp;<\/p>\n<p>Once we receive your order, we will contact you within 24 hours to discuss your course plan. Courses are valid for one year from the date of purchase. See you on the water!<\/p>","protected":false},"featured_media":2666,"comment_status":"open","ping_status":"closed","template":"","meta":{"inline_featured_image":false,"ocean_post_layout":"full-width","ocean_both_sidebars_style":"","ocean_both_sidebars_content_width":0,"ocean_both_sidebars_sidebars_width":0,"ocean_sidebar":"0","ocean_second_sidebar":"0","ocean_disable_margins":"enable","ocean_add_body_class":"","ocean_shortcode_before_top_bar":"","ocean_shortcode_after_top_bar":"","ocean_shortcode_before_header":"","ocean_shortcode_after_header":"","ocean_has_shortcode":"","ocean_shortcode_after_title":"","ocean_shortcode_before_footer_widgets":"","ocean_shortcode_after_footer_widgets":"","ocean_shortcode_before_footer_bottom":"","ocean_shortcode_after_footer_bottom":"","ocean_display_top_bar":"default","ocean_display_header":"default","ocean_header_style":"","ocean_center_header_left_menu":"0","ocean_custom_header_template":"0","ocean_custom_logo":0,"ocean_custom_retina_logo":0,"ocean_custom_logo_max_width":0,"ocean_custom_logo_tablet_max_width":0,"ocean_custom_logo_mobile_max_width":0,"ocean_custom_logo_max_height":0,"ocean_custom_logo_tablet_max_height":0,"ocean_custom_logo_mobile_max_height":0,"ocean_header_custom_menu":"0","ocean_menu_typo_font_family":"0","ocean_menu_typo_font_subset":"","ocean_menu_typo_font_size":0,"ocean_menu_typo_font_size_tablet":0,"ocean_menu_typo_font_size_mobile":0,"ocean_menu_typo_font_size_unit":"px","ocean_menu_typo_font_weight":"","ocean_menu_typo_font_weight_tablet":"","ocean_menu_typo_font_weight_mobile":"","ocean_menu_typo_transform":"","ocean_menu_typo_transform_tablet":"","ocean_menu_typo_transform_mobile":"","ocean_menu_typo_line_height":0,"ocean_menu_typo_line_height_tablet":0,"ocean_menu_typo_line_height_mobile":0,"ocean_menu_typo_line_height_unit":"","ocean_menu_typo_spacing":0,"ocean_menu_typo_spacing_tablet":0,"ocean_menu_typo_spacing_mobile":0,"ocean_menu_typo_spacing_unit":"","ocean_menu_link_color":"","ocean_menu_link_color_hover":"","ocean_menu_link_color_active":"","ocean_menu_link_background":"","ocean_menu_link_hover_background":"","ocean_menu_link_active_background":"","ocean_menu_social_links_bg":"","ocean_menu_social_hover_links_bg":"","ocean_menu_social_links_color":"","ocean_menu_social_hover_links_color":"","ocean_disable_title":"on","ocean_disable_heading":"default","ocean_post_title":"","ocean_post_subheading":"","ocean_post_title_style":"","ocean_post_title_background_color":"","ocean_post_title_background":0,"ocean_post_title_bg_image_position":"","ocean_post_title_bg_image_attachment":"","ocean_post_title_bg_image_repeat":"","ocean_post_title_bg_image_size":"","ocean_post_title_height":0,"ocean_post_title_bg_overlay":0.5,"ocean_post_title_bg_overlay_color":"","ocean_disable_breadcrumbs":"default","ocean_breadcrumbs_color":"","ocean_breadcrumbs_separator_color":"","ocean_breadcrumbs_links_color":"","ocean_breadcrumbs_links_hover_color":"","ocean_display_footer_widgets":"default","ocean_display_footer_bottom":"default","ocean_custom_footer_template":"0"},"product_brand":[],"product_cat":[27,22],"product_tag":[],"class_list":{"0":"post-1561","1":"product","2":"type-product","3":"status-publish","4":"has-post-thumbnail","6":"product_cat-individualus","7":"product_cat-kursai","9":"entry","10":"has-media","12":"first","13":"instock","14":"shipping-taxable","15":"purchasable","16":"product-type-simple","17":"has-product-nav","18":"col","19":"span_1_of_3","20":"owp-content-center","21":"owp-thumbs-layout-horizontal","22":"owp-btn-normal","23":"owp-tabs-layout-horizontal","24":"has-no-thumbnails"},"yoast_head":"<!-- This site is optimized with the Yoast SEO plugin v24.6 - https:\/\/yoast.com\/wordpress\/plugins\/seo\/ -->\n<title>INDIVIDUALUS 2 VAL. KURSAS - gspotkiteboarding.lt<\/title>\n<meta name=\"robots\" content=\"index, follow, max-snippet:-1, max-image-preview:large, max-video-preview:-1\" \/>\n<link rel=\"canonical\" href=\"https:\/\/gspotkiteboarding.lt\/en\/product\/individualus-2-val-kursas\/\" \/>\n<meta property=\"og:locale\" content=\"en_GB\" \/>\n<meta property=\"og:type\" content=\"article\" \/>\n<meta property=\"og:title\" content=\"INDIVIDUALUS 2 VAL. KURSAS - gspotkiteboarding.lt\" \/>\n<meta property=\"og:description\" content=\"*\u012eSIGYJANT KURS\u0104, PERVEDAMAS 30 EUR AVANSAS. LIKUSI\u0104 SUM\u0104 (150 EUR) SUMOK\u0116SITE ATVYK\u0118 KAITUOTI \u0160io kurso metu i\u0161moksite kaip pasiruo\u0161ti kaitavimo \u012frang\u0105, su\u017einosite vis\u0105 reikaling\u0105 teorij\u0105 apie j\u0117gos aitvarus, taip pat su\u017einosite niuansus apie v\u0117jo kryptis ir stiprum\u0105. Pamokos metu valdysite mokom\u0105j\u012f aitvar\u0105 ant kranto, o jei liks laiko, eisite \u012f vanden\u012f &quot;bodydrag&quot; praktikai. \u012e kurs\u0105 \u012fskai\u010diuota:  &nbsp;  \u2022 Privati 2 val. pamoka  \u2022 Teorija ir praktika krante  \u2022 Visa reikalinga \u012franga  \u2022 Garantuotas progresas  &nbsp;  Gav\u0119 u\u017esakym\u0105, susisieksime su jumis per artimiausias 24 val. kurs\u0173 planui aptarti. Kursai galioja vienerius metus nuo \u012fsigyjimo datos. Iki pasimatymo ant vandens!\" \/>\n<meta property=\"og:url\" content=\"https:\/\/gspotkiteboarding.lt\/en\/product\/individualus-2-val-kursas\/\" \/>\n<meta property=\"og:site_name\" content=\"gspotkiteboarding.lt\" \/>\n<meta property=\"article:publisher\" content=\"https:\/\/www.facebook.com\/gspotkiteboarding\" \/>\n<meta property=\"article:modified_time\" content=\"2026-04-07T13:29:55+00:00\" \/>\n<meta property=\"og:image\" content=\"http:\/\/gspotkiteboarding.lt\/wp-content\/uploads\/2021\/03\/IMG_1719.jpg\" \/>\n\t<meta property=\"og:image:width\" content=\"811\" \/>\n\t<meta property=\"og:image:height\" content=\"566\" \/>\n\t<meta property=\"og:image:type\" content=\"image\/jpeg\" \/>\n<meta name=\"twitter:card\" content=\"summary_large_image\" \/>\n<meta name=\"twitter:label1\" content=\"Estimated reading time\" \/>\n\t<meta name=\"twitter:data1\" content=\"1 minute\" \/>\n<script type=\"application\/ld+json\" class=\"yoast-schema-graph\">{\"@context\":\"https:\/\/schema.org\",\"@graph\":[{\"@type\":\"WebPage\",\"@id\":\"https:\/\/gspotkiteboarding.lt\/produktas\/individualus-2-val-kursas\/\",\"url\":\"https:\/\/gspotkiteboarding.lt\/produktas\/individualus-2-val-kursas\/\",\"name\":\"INDIVIDUALUS 2 VAL. KURSAS - gspotkiteboarding.lt\",\"isPartOf\":{\"@id\":\"https:\/\/gspotkiteboarding.lt\/#website\"},\"primaryImageOfPage\":{\"@id\":\"https:\/\/gspotkiteboarding.lt\/produktas\/individualus-2-val-kursas\/#primaryimage\"},\"image\":{\"@id\":\"https:\/\/gspotkiteboarding.lt\/produktas\/individualus-2-val-kursas\/#primaryimage\"},\"thumbnailUrl\":\"https:\/\/gspotkiteboarding.lt\/wp-content\/uploads\/2021\/03\/IMG_1719.jpg\",\"datePublished\":\"2021-03-28T05:08:18+00:00\",\"dateModified\":\"2026-04-07T13:29:55+00:00\",\"breadcrumb\":{\"@id\":\"https:\/\/gspotkiteboarding.lt\/produktas\/individualus-2-val-kursas\/#breadcrumb\"},\"inLanguage\":\"en-GB\",\"potentialAction\":[{\"@type\":\"ReadAction\",\"target\":[\"https:\/\/gspotkiteboarding.lt\/produktas\/individualus-2-val-kursas\/\"]}]},{\"@type\":\"ImageObject\",\"inLanguage\":\"en-GB\",\"@id\":\"https:\/\/gspotkiteboarding.lt\/produktas\/individualus-2-val-kursas\/#primaryimage\",\"url\":\"https:\/\/gspotkiteboarding.lt\/wp-content\/uploads\/2021\/03\/IMG_1719.jpg\",\"contentUrl\":\"https:\/\/gspotkiteboarding.lt\/wp-content\/uploads\/2021\/03\/IMG_1719.jpg\",\"width\":811,\"height\":566},{\"@type\":\"BreadcrumbList\",\"@id\":\"https:\/\/gspotkiteboarding.lt\/produktas\/individualus-2-val-kursas\/#breadcrumb\",\"itemListElement\":[{\"@type\":\"ListItem\",\"position\":1,\"name\":\"Home\",\"item\":\"https:\/\/gspotkiteboarding.lt\/\"},{\"@type\":\"ListItem\",\"position\":2,\"name\":\"Privatu: Parduotuv\u0117\",\"item\":\"https:\/\/gspotkiteboarding.lt\/?page_id=547\"},{\"@type\":\"ListItem\",\"position\":3,\"name\":\"INDIVIDUALUS 2 VAL. KURSAS\"}]},{\"@type\":\"WebSite\",\"@id\":\"https:\/\/gspotkiteboarding.lt\/#website\",\"url\":\"https:\/\/gspotkiteboarding.lt\/\",\"name\":\"gspotkiteboarding.lt\",\"description\":\"laikas i\u0161\u0161\u016bkiams!\",\"potentialAction\":[{\"@type\":\"SearchAction\",\"target\":{\"@type\":\"EntryPoint\",\"urlTemplate\":\"https:\/\/gspotkiteboarding.lt\/?s={search_term_string}\"},\"query-input\":{\"@type\":\"PropertyValueSpecification\",\"valueRequired\":true,\"valueName\":\"search_term_string\"}}],\"inLanguage\":\"en-GB\"}]}<\/script>\n<!-- \/ Yoast SEO plugin. -->","yoast_head_json":{"title":"INDIVIDUALUS 2 VAL. KURSAS - gspotkiteboarding.lt","robots":{"index":"index","follow":"follow","max-snippet":"max-snippet:-1","max-image-preview":"max-image-preview:large","max-video-preview":"max-video-preview:-1"},"canonical":"https:\/\/gspotkiteboarding.lt\/en\/product\/individualus-2-val-kursas\/","og_locale":"en_GB","og_type":"article","og_title":"INDIVIDUALUS 2 VAL. KURSAS - gspotkiteboarding.lt","og_description":"*\u012eSIGYJANT KURS\u0104, PERVEDAMAS 30 EUR AVANSAS. LIKUSI\u0104 SUM\u0104 (150 EUR) SUMOK\u0116SITE ATVYK\u0118 KAITUOTI \u0160io kurso metu i\u0161moksite kaip pasiruo\u0161ti kaitavimo \u012frang\u0105, su\u017einosite vis\u0105 reikaling\u0105 teorij\u0105 apie j\u0117gos aitvarus, taip pat su\u017einosite niuansus apie v\u0117jo kryptis ir stiprum\u0105. Pamokos metu valdysite mokom\u0105j\u012f aitvar\u0105 ant kranto, o jei liks laiko, eisite \u012f vanden\u012f \"bodydrag\" praktikai. \u012e kurs\u0105 \u012fskai\u010diuota:  &nbsp;  \u2022 Privati 2 val. pamoka  \u2022 Teorija ir praktika krante  \u2022 Visa reikalinga \u012franga  \u2022 Garantuotas progresas  &nbsp;  Gav\u0119 u\u017esakym\u0105, susisieksime su jumis per artimiausias 24 val. kurs\u0173 planui aptarti. Kursai galioja vienerius metus nuo \u012fsigyjimo datos. Iki pasimatymo ant vandens!","og_url":"https:\/\/gspotkiteboarding.lt\/en\/product\/individualus-2-val-kursas\/","og_site_name":"gspotkiteboarding.lt","article_publisher":"https:\/\/www.facebook.com\/gspotkiteboarding","article_modified_time":"2026-04-07T13:29:55+00:00","og_image":[{"width":811,"height":566,"url":"http:\/\/gspotkiteboarding.lt\/wp-content\/uploads\/2021\/03\/IMG_1719.jpg","type":"image\/jpeg"}],"twitter_card":"summary_large_image","twitter_misc":{"Estimated reading time":"1 minute"},"schema":{"@context":"https:\/\/schema.org","@graph":[{"@type":"WebPage","@id":"https:\/\/gspotkiteboarding.lt\/produktas\/individualus-2-val-kursas\/","url":"https:\/\/gspotkiteboarding.lt\/produktas\/individualus-2-val-kursas\/","name":"INDIVIDUALUS 2 VAL. KURSAS - gspotkiteboarding.lt","isPartOf":{"@id":"https:\/\/gspotkiteboarding.lt\/#website"},"primaryImageOfPage":{"@id":"https:\/\/gspotkiteboarding.lt\/produktas\/individualus-2-val-kursas\/#primaryimage"},"image":{"@id":"https:\/\/gspotkiteboarding.lt\/produktas\/individualus-2-val-kursas\/#primaryimage"},"thumbnailUrl":"https:\/\/gspotkiteboarding.lt\/wp-content\/uploads\/2021\/03\/IMG_1719.jpg","datePublished":"2021-03-28T05:08:18+00:00","dateModified":"2026-04-07T13:29:55+00:00","breadcrumb":{"@id":"https:\/\/gspotkiteboarding.lt\/produktas\/individualus-2-val-kursas\/#breadcrumb"},"inLanguage":"en-GB","potentialAction":[{"@type":"ReadAction","target":["https:\/\/gspotkiteboarding.lt\/produktas\/individualus-2-val-kursas\/"]}]},{"@type":"ImageObject","inLanguage":"en-GB","@id":"https:\/\/gspotkiteboarding.lt\/produktas\/individualus-2-val-kursas\/#primaryimage","url":"https:\/\/gspotkiteboarding.lt\/wp-content\/uploads\/2021\/03\/IMG_1719.jpg","contentUrl":"https:\/\/gspotkiteboarding.lt\/wp-content\/uploads\/2021\/03\/IMG_1719.jpg","width":811,"height":566},{"@type":"BreadcrumbList","@id":"https:\/\/gspotkiteboarding.lt\/produktas\/individualus-2-val-kursas\/#breadcrumb","itemListElement":[{"@type":"ListItem","position":1,"name":"Home","item":"https:\/\/gspotkiteboarding.lt\/"},{"@type":"ListItem","position":2,"name":"Privatu: Parduotuv\u0117","item":"https:\/\/gspotkiteboarding.lt\/?page_id=547"},{"@type":"ListItem","position":3,"name":"INDIVIDUALUS 2 VAL. KURSAS"}]},{"@type":"WebSite","@id":"https:\/\/gspotkiteboarding.lt\/#website","url":"https:\/\/gspotkiteboarding.lt\/","name":"gspotkiteboarding.lt","description":"laikas i\u0161\u0161\u016bkiams!","potentialAction":[{"@type":"SearchAction","target":{"@type":"EntryPoint","urlTemplate":"https:\/\/gspotkiteboarding.lt\/?s={search_term_string}"},"query-input":{"@type":"PropertyValueSpecification","valueRequired":true,"valueName":"search_term_string"}}],"inLanguage":"en-GB"}]}},"_links":{"self":[{"href":"https:\/\/gspotkiteboarding.lt\/en\/wp-json\/wp\/v2\/product\/1561","targetHints":{"allow":["GET"]}}],"collection":[{"href":"https:\/\/gspotkiteboarding.lt\/en\/wp-json\/wp\/v2\/product"}],"about":[{"href":"https:\/\/gspotkiteboarding.lt\/en\/wp-json\/wp\/v2\/types\/product"}],"replies":[{"embeddable":true,"href":"https:\/\/gspotkiteboarding.lt\/en\/wp-json\/wp\/v2\/comments?post=1561"}],"wp:featuredmedia":[{"embeddable":true,"href":"https:\/\/gspotkiteboarding.lt\/en\/wp-json\/wp\/v2\/media\/2666"}],"wp:attachment":[{"href":"https:\/\/gspotkiteboarding.lt\/en\/wp-json\/wp\/v2\/media?parent=1561"}],"wp:term":[{"taxonomy":"product_brand","embeddable":true,"href":"https:\/\/gspotkiteboarding.lt\/en\/wp-json\/wp\/v2\/product_brand?post=1561"},{"taxonomy":"product_cat","embeddable":true,"href":"https:\/\/gspotkiteboarding.lt\/en\/wp-json\/wp\/v2\/product_cat?post=1561"},{"taxonomy":"product_tag","embeddable":true,"href":"https:\/\/gspotkiteboarding.lt\/en\/wp-json\/wp\/v2\/product_tag?post=1561"}],"curies":[{"name":"wp","href":"https:\/\/api.w.org\/{rel}","templated":true}]}}