{"id":4280,"date":"2024-05-23T06:31:42","date_gmt":"2024-05-23T06:31:42","guid":{"rendered":"https:\/\/gspotkiteboarding.lt\/?page_id=4280"},"modified":"2024-07-09T15:58:24","modified_gmt":"2024-07-09T15:58:24","slug":"iranga","status":"publish","type":"page","link":"https:\/\/gspotkiteboarding.lt\/en\/iranga\/","title":{"rendered":"Equipment"},"content":{"rendered":"<div data-elementor-type=\"wp-page\" data-elementor-id=\"4280\" class=\"elementor elementor-4280\" data-elementor-post-type=\"page\">\n\t\t\t\t\t\t<section class=\"elementor-section elementor-top-section elementor-element elementor-element-ba5b7b9 elementor-section-height-min-height elementor-section-boxed elementor-section-height-default elementor-section-items-middle\" data-id=\"ba5b7b9\" data-element_type=\"section\" data-settings=\"{&quot;background_background&quot;:&quot;classic&quot;}\">\n\t\t\t\t\t\t\t<div class=\"elementor-background-overlay\"><\/div>\n\t\t\t\t\t\t\t<div class=\"elementor-container elementor-column-gap-default\">\n\t\t\t\t\t<div class=\"elementor-column elementor-col-50 elementor-top-column elementor-element elementor-element-2c42a3b\" data-id=\"2c42a3b\" data-element_type=\"column\">\n\t\t\t<div class=\"elementor-widget-wrap elementor-element-populated\">\n\t\t\t\t\t\t<div class=\"elementor-element elementor-element-0e13f73 elementor-widget elementor-widget-heading\" data-id=\"0e13f73\" data-element_type=\"widget\" data-widget_type=\"heading.default\">\n\t\t\t\t<div class=\"elementor-widget-container\">\n\t\t\t\t\t<h2 class=\"elementor-heading-title elementor-size-default\">GEAR<\/h2>\t\t\t\t<\/div>\n\t\t\t\t<\/div>\n\t\t\t\t<div class=\"elementor-element elementor-element-2800be1 elementor-widget elementor-widget-heading\" data-id=\"2800be1\" data-element_type=\"widget\" data-widget_type=\"heading.default\">\n\t\t\t\t<div class=\"elementor-widget-container\">\n\t\t\t\t\t<h2 class=\"elementor-heading-title elementor-size-default\">Gear matters \u2014 that\u2019s why we offer only the equipment we\u2019ve tested, love, and trust for its quality. We\u2019ll guide you, provide all the information you need, and help you make the right purchase.<\/h2>\t\t\t\t<\/div>\n\t\t\t\t<\/div>\n\t\t\t\t<div class=\"elementor-element elementor-element-e71b5b8 elementor-icon-list--layout-traditional elementor-list-item-link-full_width elementor-widget elementor-widget-icon-list\" data-id=\"e71b5b8\" data-element_type=\"widget\" data-widget_type=\"icon-list.default\">\n\t\t\t\t<div class=\"elementor-widget-container\">\n\t\t\t\t\t\t\t<ul class=\"elementor-icon-list-items\">\n\t\t\t\t\t\t\t<li class=\"elementor-icon-list-item\">\n\t\t\t\t\t\t\t\t\t\t\t<a href=\"mailto:gspot@kiteboarding.lt\">\n\n\t\t\t\t\t\t\t\t\t\t\t\t<span class=\"elementor-icon-list-icon\">\n\t\t\t\t\t\t\t<i aria-hidden=\"true\" class=\"fas fa-at\"><\/i>\t\t\t\t\t\t<\/span>\n\t\t\t\t\t\t\t\t\t\t<span class=\"elementor-icon-list-text\">gspot@kiteboarding.lt<\/span>\n\t\t\t\t\t\t\t\t\t\t\t<\/a>\n\t\t\t\t\t\t\t\t\t<\/li>\n\t\t\t\t\t\t\t\t<li class=\"elementor-icon-list-item\">\n\t\t\t\t\t\t\t\t\t\t\t<a href=\"tel:+370%20611%20411%2071\">\n\n\t\t\t\t\t\t\t\t\t\t\t\t<span class=\"elementor-icon-list-icon\">\n\t\t\t\t\t\t\t<i aria-hidden=\"true\" class=\"fas fa-mobile-alt\"><\/i>\t\t\t\t\t\t<\/span>\n\t\t\t\t\t\t\t\t\t\t<span class=\"elementor-icon-list-text\">+370 611 411 71<\/span>\n\t\t\t\t\t\t\t\t\t\t\t<\/a>\n\t\t\t\t\t\t\t\t\t<\/li>\n\t\t\t\t\t\t<\/ul>\n\t\t\t\t\t\t<\/div>\n\t\t\t\t<\/div>\n\t\t\t\t\t<\/div>\n\t\t<\/div>\n\t\t\t\t<div class=\"elementor-column elementor-col-50 elementor-top-column elementor-element elementor-element-3f975be\" data-id=\"3f975be\" data-element_type=\"column\" data-settings=\"{&quot;background_background&quot;:&quot;classic&quot;}\">\n\t\t\t<div class=\"elementor-widget-wrap elementor-element-populated\">\n\t\t\t\t\t\t<div class=\"elementor-element elementor-element-bc47a70 elementor-button-align-start elementor-widget elementor-widget-form\" data-id=\"bc47a70\" data-element_type=\"widget\" data-settings=\"{&quot;step_next_label&quot;:&quot;Next&quot;,&quot;step_previous_label&quot;:&quot;Previous&quot;,&quot;button_width&quot;:&quot;100&quot;,&quot;step_type&quot;:&quot;number_text&quot;,&quot;step_icon_shape&quot;:&quot;circle&quot;}\" data-widget_type=\"form.default\">\n\t\t\t\t<div class=\"elementor-widget-container\">\n\t\t\t\t\t\t\t<form class=\"elementor-form\" method=\"post\" name=\"New Form\" action=\"\">\n\t\t\t<input type=\"hidden\" name=\"post_id\" value=\"4280\"\/>\n\t\t\t<input type=\"hidden\" name=\"form_id\" value=\"bc47a70\"\/>\n\t\t\t<input type=\"hidden\" name=\"referer_title\" value=\"gspotkiteboarding.lt\" \/>\n\n\t\t\t\n\t\t\t<div class=\"elementor-form-fields-wrapper elementor-labels-\">\n\t\t\t\t\t\t\t\t<div class=\"elementor-field-type-text elementor-field-group elementor-column elementor-field-group-name elementor-col-50\">\n\t\t\t\t\t\t\t\t\t\t\t\t<label for=\"form-field-name\" class=\"elementor-field-label elementor-screen-only\">\n\t\t\t\t\t\t\t\tName\t\t\t\t\t\t\t<\/label>\n\t\t\t\t\t\t\t\t\t\t\t\t\t\t<input size=\"1\" type=\"text\" name=\"form_fields[name]\" id=\"form-field-name\" class=\"elementor-field elementor-size-sm  elementor-field-textual\" placeholder=\"Name\">\n\t\t\t\t\t\t\t\t\t\t\t<\/div>\n\t\t\t\t\t\t\t\t<div class=\"elementor-field-type-text elementor-field-group elementor-column elementor-field-group-field_efb3ce8 elementor-col-50\">\n\t\t\t\t\t\t\t\t\t\t\t\t<label for=\"form-field-field_efb3ce8\" class=\"elementor-field-label elementor-screen-only\">\n\t\t\t\t\t\t\t\tLast name\t\t\t\t\t\t\t<\/label>\n\t\t\t\t\t\t\t\t\t\t\t\t\t\t<input size=\"1\" type=\"text\" name=\"form_fields[field_efb3ce8]\" id=\"form-field-field_efb3ce8\" class=\"elementor-field elementor-size-sm  elementor-field-textual\" placeholder=\"Last name\">\n\t\t\t\t\t\t\t\t\t\t\t<\/div>\n\t\t\t\t\t\t\t\t<div class=\"elementor-field-type-email elementor-field-group elementor-column elementor-field-group-email elementor-col-100 elementor-field-required\">\n\t\t\t\t\t\t\t\t\t\t\t\t<label for=\"form-field-email\" class=\"elementor-field-label elementor-screen-only\">\n\t\t\t\t\t\t\t\tEmail\t\t\t\t\t\t\t<\/label>\n\t\t\t\t\t\t\t\t\t\t\t\t\t\t<input size=\"1\" type=\"email\" name=\"form_fields[email]\" id=\"form-field-email\" class=\"elementor-field elementor-size-sm  elementor-field-textual\" placeholder=\"Email\" required=\"required\">\n\t\t\t\t\t\t\t\t\t\t\t<\/div>\n\t\t\t\t\t\t\t\t<div class=\"elementor-field-type-tel elementor-field-group elementor-column elementor-field-group-field_18ae936 elementor-col-100 elementor-field-required\">\n\t\t\t\t\t\t\t\t\t\t\t\t<label for=\"form-field-field_18ae936\" class=\"elementor-field-label elementor-screen-only\">\n\t\t\t\t\t\t\t\tPhone\t\t\t\t\t\t\t<\/label>\n\t\t\t\t\t\t\t\t<input size=\"1\" type=\"tel\" name=\"form_fields[field_18ae936]\" id=\"form-field-field_18ae936\" class=\"elementor-field elementor-size-sm  elementor-field-textual\" placeholder=\"Phone\" required=\"required\" pattern=\"[0-9()#&amp;+*-=.]+\" title=\"Only numbers and phone characters (#, -, *, etc) are accepted.\">\n\n\t\t\t\t\t\t<\/div>\n\t\t\t\t\t\t\t\t<div class=\"elementor-field-type-textarea elementor-field-group elementor-column elementor-field-group-message elementor-col-100\">\n\t\t\t\t\t\t\t\t\t\t\t\t<label for=\"form-field-message\" class=\"elementor-field-label elementor-screen-only\">\n\t\t\t\t\t\t\t\tYour message\t\t\t\t\t\t\t<\/label>\n\t\t\t\t\t\t<textarea class=\"elementor-field-textual elementor-field  elementor-size-sm\" name=\"form_fields[message]\" id=\"form-field-message\" rows=\"4\" placeholder=\"Your message\"><\/textarea>\t\t\t\t<\/div>\n\t\t\t\t\t\t\t\t<div class=\"elementor-field-type-acceptance elementor-field-group elementor-column elementor-field-group-field_4c18921 elementor-col-100 elementor-field-required\">\n\t\t\t\t\t\t\t\t\t\t\t\t<label for=\"form-field-field_4c18921\" class=\"elementor-field-label elementor-screen-only\">\n\t\t\t\t\t\t\t\tI agree to the privacy policy\t\t\t\t\t\t\t<\/label>\n\t\t\t\t\t\t\t\t<div class=\"elementor-field-subgroup\">\n\t\t\t<span class=\"elementor-field-option\">\n\t\t\t\t<input type=\"checkbox\" name=\"form_fields[field_4c18921]\" id=\"form-field-field_4c18921\" class=\"elementor-field elementor-size-sm  elementor-acceptance-field\" required=\"required\">\n\t\t\t\t<label for=\"form-field-field_4c18921\">I agree to the privacy policy<\/label>\t\t\t<\/span>\n\t\t<\/div>\n\t\t\t\t\t\t<\/div>\n\t\t\t\t\t\t\t\t<div class=\"elementor-field-type-acceptance elementor-field-group elementor-column elementor-field-group-field_5ab9b9d elementor-col-100 elementor-field-required\">\n\t\t\t\t\t\t\t<div class=\"elementor-field-subgroup\">\n\t\t\t<span class=\"elementor-field-option\">\n\t\t\t\t<input type=\"checkbox\" name=\"form_fields[field_5ab9b9d]\" id=\"form-field-field_5ab9b9d\" class=\"elementor-field elementor-size-sm  elementor-acceptance-field\" required=\"required\">\n\t\t\t\t<label for=\"form-field-field_5ab9b9d\">I agree to the terms of the page<\/label>\t\t\t<\/span>\n\t\t<\/div>\n\t\t\t\t\t\t<\/div>\n\t\t\t\t\t\t\t\t<div class=\"elementor-field-group elementor-column elementor-field-type-submit elementor-col-100 e-form__buttons\">\n\t\t\t\t\t<button class=\"elementor-button elementor-size-sm\" type=\"submit\">\n\t\t\t\t\t\t<span class=\"elementor-button-content-wrapper\">\n\t\t\t\t\t\t\t\t\t\t\t\t\t\t\t\t\t\t\t\t\t\t<span class=\"elementor-button-text\">Send<\/span>\n\t\t\t\t\t\t\t\t\t\t\t\t\t<\/span>\n\t\t\t\t\t<\/button>\n\t\t\t\t<\/div>\n\t\t\t<\/div>\n\t\t<input type=\"hidden\" name=\"trp-form-language\" value=\"en\"\/><\/form>\n\t\t\t\t\t\t<\/div>\n\t\t\t\t<\/div>\n\t\t\t\t\t<\/div>\n\t\t<\/div>\n\t\t\t\t\t<\/div>\n\t\t<\/section>\n\t\t\t\t<section class=\"elementor-section elementor-top-section elementor-element elementor-element-2955524 elementor-section-boxed elementor-section-height-default elementor-section-height-default\" data-id=\"2955524\" data-element_type=\"section\" data-settings=\"{&quot;background_background&quot;:&quot;classic&quot;}\">\n\t\t\t\t\t\t<div class=\"elementor-container elementor-column-gap-no\">\n\t\t\t\t\t<div class=\"elementor-column elementor-col-50 elementor-top-column elementor-element elementor-element-5e73e49\" data-id=\"5e73e49\" data-element_type=\"column\">\n\t\t\t<div class=\"elementor-widget-wrap elementor-element-populated\">\n\t\t\t\t\t\t<div class=\"elementor-element elementor-element-b9ede03 elementor-widget elementor-widget-heading\" data-id=\"b9ede03\" data-element_type=\"widget\" data-widget_type=\"heading.default\">\n\t\t\t\t<div class=\"elementor-widget-container\">\n\t\t\t\t\t<h2 class=\"elementor-heading-title elementor-size-default\">OUR PARTNER - CORE<\/h2>\t\t\t\t<\/div>\n\t\t\t\t<\/div>\n\t\t\t\t<div class=\"elementor-element elementor-element-f7e3016 elementor-widget elementor-widget-text-editor\" data-id=\"f7e3016\" data-element_type=\"widget\" data-widget_type=\"text-editor.default\">\n\t\t\t\t<div class=\"elementor-widget-container\">\n\t\t\t\t\t\t\t\t\t<p>CORE is our (Gabby&#039;s) long-time partner, producing the highest quality equipment, which has helped not only Gabriela, but also many other world-renowned athletes achieve their highest goals. The highest <span style=\"text-decoration: underline;\"><a href=\"https:\/\/www.instagram.com\/corekites\/\">CORE<\/a><\/span> Quality and philosophy align with our values, so we are proud to be able to offer this product to you with confidence.<\/p>\t\t\t\t\t\t\t\t<\/div>\n\t\t\t\t<\/div>\n\t\t\t\t\t<\/div>\n\t\t<\/div>\n\t\t\t\t<div class=\"elementor-column elementor-col-50 elementor-top-column elementor-element elementor-element-8bbce50\" data-id=\"8bbce50\" data-element_type=\"column\">\n\t\t\t<div class=\"elementor-widget-wrap elementor-element-populated\">\n\t\t\t\t\t\t<div class=\"elementor-element elementor-element-b60e1fd elementor-widget elementor-widget-image\" data-id=\"b60e1fd\" data-element_type=\"widget\" data-widget_type=\"image.default\">\n\t\t\t\t<div class=\"elementor-widget-container\">\n\t\t\t\t\t\t\t\t\t\t\t\t\t\t\t<img fetchpriority=\"high\" decoding=\"async\" width=\"518\" height=\"111\" src=\"https:\/\/gspotkiteboarding.lt\/wp-content\/uploads\/2024\/06\/core-logo.png\" class=\"attachment-large size-large wp-image-4387\" alt=\"\" srcset=\"https:\/\/gspotkiteboarding.lt\/wp-content\/uploads\/2024\/06\/core-logo.png 518w, https:\/\/gspotkiteboarding.lt\/wp-content\/uploads\/2024\/06\/core-logo-300x64.png 300w\" sizes=\"(max-width: 518px) 100vw, 518px\" \/>\t\t\t\t\t\t\t\t\t\t\t\t\t\t\t<\/div>\n\t\t\t\t<\/div>\n\t\t\t\t\t<\/div>\n\t\t<\/div>\n\t\t\t\t\t<\/div>\n\t\t<\/section>\n\t\t\t\t<\/div>","protected":false},"excerpt":{"rendered":"<p>\u012eRANGA \u012eranga svarbu, tod\u0117l si\u016blome tik savo i\u0161bandyt\u0105, pam\u0117gt\u0105 ir kokybi\u0161k\u0105 \u012frang\u0105. Patarsime, suteiksime vis\u0105 reikaling\u0105 informacij\u0105 ir pad\u0117sime \u012fsigyti. gspot@kiteboarding.lt +370 611 411 71 M\u016aS\u0172 PARTNERIS &#8211; CORE CORE &#8211; tai ilgametis m\u016bs\u0173 (Gabby) partneris, gaminantis maksimalios kokyb\u0117s \u012frang\u0105, pad\u0117j\u0119s pasiekti auk\u0161\u010diausi\u0173 tiksl\u0173 ne tik Gabrielei, bet ir daugybei kit\u0173 pasaulyje gerai \u017einom\u0173 atlet\u0173. [&hellip;]<\/p>","protected":false},"author":1,"featured_media":0,"parent":0,"menu_order":0,"comment_status":"closed","ping_status":"closed","template":"elementor_header_footer","meta":{"inline_featured_image":false,"ocean_post_layout":"","ocean_both_sidebars_style":"","ocean_both_sidebars_content_width":0,"ocean_both_sidebars_sidebars_width":0,"ocean_sidebar":"0","ocean_second_sidebar":"0","ocean_disable_margins":"enable","ocean_add_body_class":"","ocean_shortcode_before_top_bar":"","ocean_shortcode_after_top_bar":"","ocean_shortcode_before_header":"","ocean_shortcode_after_header":"","ocean_has_shortcode":"","ocean_shortcode_after_title":"","ocean_shortcode_before_footer_widgets":"","ocean_shortcode_after_footer_widgets":"","ocean_shortcode_before_footer_bottom":"","ocean_shortcode_after_footer_bottom":"","ocean_display_top_bar":"default","ocean_display_header":"default","ocean_header_style":"","ocean_center_header_left_menu":"0","ocean_custom_header_template":"0","ocean_custom_logo":0,"ocean_custom_retina_logo":0,"ocean_custom_logo_max_width":0,"ocean_custom_logo_tablet_max_width":0,"ocean_custom_logo_mobile_max_width":0,"ocean_custom_logo_max_height":0,"ocean_custom_logo_tablet_max_height":0,"ocean_custom_logo_mobile_max_height":0,"ocean_header_custom_menu":"0","ocean_menu_typo_font_family":"0","ocean_menu_typo_font_subset":"","ocean_menu_typo_font_size":0,"ocean_menu_typo_font_size_tablet":0,"ocean_menu_typo_font_size_mobile":0,"ocean_menu_typo_font_size_unit":"px","ocean_menu_typo_font_weight":"","ocean_menu_typo_font_weight_tablet":"","ocean_menu_typo_font_weight_mobile":"","ocean_menu_typo_transform":"","ocean_menu_typo_transform_tablet":"","ocean_menu_typo_transform_mobile":"","ocean_menu_typo_line_height":0,"ocean_menu_typo_line_height_tablet":0,"ocean_menu_typo_line_height_mobile":0,"ocean_menu_typo_line_height_unit":"","ocean_menu_typo_spacing":0,"ocean_menu_typo_spacing_tablet":0,"ocean_menu_typo_spacing_mobile":0,"ocean_menu_typo_spacing_unit":"","ocean_menu_link_color":"","ocean_menu_link_color_hover":"","ocean_menu_link_color_active":"","ocean_menu_link_background":"","ocean_menu_link_hover_background":"","ocean_menu_link_active_background":"","ocean_menu_social_links_bg":"","ocean_menu_social_hover_links_bg":"","ocean_menu_social_links_color":"","ocean_menu_social_hover_links_color":"","ocean_disable_title":"default","ocean_disable_heading":"default","ocean_post_title":"","ocean_post_subheading":"","ocean_post_title_style":"","ocean_post_title_background_color":"","ocean_post_title_background":0,"ocean_post_title_bg_image_position":"","ocean_post_title_bg_image_attachment":"","ocean_post_title_bg_image_repeat":"","ocean_post_title_bg_image_size":"","ocean_post_title_height":0,"ocean_post_title_bg_overlay":0.5,"ocean_post_title_bg_overlay_color":"","ocean_disable_breadcrumbs":"default","ocean_breadcrumbs_color":"","ocean_breadcrumbs_separator_color":"","ocean_breadcrumbs_links_color":"","ocean_breadcrumbs_links_hover_color":"","ocean_display_footer_widgets":"default","ocean_display_footer_bottom":"default","ocean_custom_footer_template":"0","footnotes":""},"class_list":["post-4280","page","type-page","status-publish","hentry","entry","owp-thumbs-layout-horizontal","owp-btn-normal","owp-tabs-layout-horizontal","has-no-thumbnails","has-product-nav"],"yoast_head":"<!-- This site is optimized with the Yoast SEO plugin v24.6 - https:\/\/yoast.com\/wordpress\/plugins\/seo\/ -->\n<title>Iranga - gspotkiteboarding.lt<\/title>\n<meta name=\"robots\" content=\"index, follow, max-snippet:-1, max-image-preview:large, max-video-preview:-1\" \/>\n<link rel=\"canonical\" href=\"https:\/\/gspotkiteboarding.lt\/en\/iranga\/\" \/>\n<meta property=\"og:locale\" content=\"en_GB\" \/>\n<meta property=\"og:type\" content=\"article\" \/>\n<meta property=\"og:title\" content=\"Iranga - gspotkiteboarding.lt\" \/>\n<meta property=\"og:description\" content=\"\u012eRANGA \u012eranga svarbu, tod\u0117l si\u016blome tik savo i\u0161bandyt\u0105, pam\u0117gt\u0105 ir kokybi\u0161k\u0105 \u012frang\u0105. Patarsime, suteiksime vis\u0105 reikaling\u0105 informacij\u0105 ir pad\u0117sime \u012fsigyti. gspot@kiteboarding.lt +370 611 411 71 M\u016aS\u0172 PARTNERIS &#8211; CORE CORE &#8211; tai ilgametis m\u016bs\u0173 (Gabby) partneris, gaminantis maksimalios kokyb\u0117s \u012frang\u0105, pad\u0117j\u0119s pasiekti auk\u0161\u010diausi\u0173 tiksl\u0173 ne tik Gabrielei, bet ir daugybei kit\u0173 pasaulyje gerai \u017einom\u0173 atlet\u0173. [&hellip;]\" \/>\n<meta property=\"og:url\" content=\"https:\/\/gspotkiteboarding.lt\/en\/iranga\/\" \/>\n<meta property=\"og:site_name\" content=\"gspotkiteboarding.lt\" \/>\n<meta property=\"article:publisher\" content=\"https:\/\/www.facebook.com\/gspotkiteboarding\" \/>\n<meta property=\"article:modified_time\" content=\"2024-07-09T15:58:24+00:00\" \/>\n<meta property=\"og:image\" content=\"https:\/\/gspotkiteboarding.lt\/wp-content\/uploads\/2021\/04\/thumbnail.jpg\" \/>\n\t<meta property=\"og:image:width\" content=\"1200\" \/>\n\t<meta property=\"og:image:height\" content=\"630\" \/>\n\t<meta property=\"og:image:type\" content=\"image\/jpeg\" \/>\n<meta name=\"twitter:card\" content=\"summary_large_image\" \/>\n<meta name=\"twitter:label1\" content=\"Estimated reading time\" \/>\n\t<meta name=\"twitter:data1\" content=\"1 minute\" \/>\n<script type=\"application\/ld+json\" class=\"yoast-schema-graph\">{\"@context\":\"https:\/\/schema.org\",\"@graph\":[{\"@type\":\"WebPage\",\"@id\":\"https:\/\/gspotkiteboarding.lt\/iranga\/\",\"url\":\"https:\/\/gspotkiteboarding.lt\/iranga\/\",\"name\":\"Iranga - gspotkiteboarding.lt\",\"isPartOf\":{\"@id\":\"https:\/\/gspotkiteboarding.lt\/#website\"},\"primaryImageOfPage\":{\"@id\":\"https:\/\/gspotkiteboarding.lt\/iranga\/#primaryimage\"},\"image\":{\"@id\":\"https:\/\/gspotkiteboarding.lt\/iranga\/#primaryimage\"},\"thumbnailUrl\":\"http:\/\/gspotkiteboarding.lt\/wp-content\/uploads\/2024\/06\/core-logo.png\",\"datePublished\":\"2024-05-23T06:31:42+00:00\",\"dateModified\":\"2024-07-09T15:58:24+00:00\",\"breadcrumb\":{\"@id\":\"https:\/\/gspotkiteboarding.lt\/iranga\/#breadcrumb\"},\"inLanguage\":\"en-GB\",\"potentialAction\":[{\"@type\":\"ReadAction\",\"target\":[\"https:\/\/gspotkiteboarding.lt\/iranga\/\"]}]},{\"@type\":\"ImageObject\",\"inLanguage\":\"en-GB\",\"@id\":\"https:\/\/gspotkiteboarding.lt\/iranga\/#primaryimage\",\"url\":\"http:\/\/gspotkiteboarding.lt\/wp-content\/uploads\/2024\/06\/core-logo.png\",\"contentUrl\":\"http:\/\/gspotkiteboarding.lt\/wp-content\/uploads\/2024\/06\/core-logo.png\"},{\"@type\":\"BreadcrumbList\",\"@id\":\"https:\/\/gspotkiteboarding.lt\/iranga\/#breadcrumb\",\"itemListElement\":[{\"@type\":\"ListItem\",\"position\":1,\"name\":\"Home\",\"item\":\"https:\/\/gspotkiteboarding.lt\/\"},{\"@type\":\"ListItem\",\"position\":2,\"name\":\"Iranga\"}]},{\"@type\":\"WebSite\",\"@id\":\"https:\/\/gspotkiteboarding.lt\/#website\",\"url\":\"https:\/\/gspotkiteboarding.lt\/\",\"name\":\"gspotkiteboarding.lt\",\"description\":\"laikas i\u0161\u0161\u016bkiams!\",\"potentialAction\":[{\"@type\":\"SearchAction\",\"target\":{\"@type\":\"EntryPoint\",\"urlTemplate\":\"https:\/\/gspotkiteboarding.lt\/?s={search_term_string}\"},\"query-input\":{\"@type\":\"PropertyValueSpecification\",\"valueRequired\":true,\"valueName\":\"search_term_string\"}}],\"inLanguage\":\"en-GB\"}]}<\/script>\n<!-- \/ Yoast SEO plugin. -->","yoast_head_json":{"title":"Iranga - gspotkiteboarding.lt","robots":{"index":"index","follow":"follow","max-snippet":"max-snippet:-1","max-image-preview":"max-image-preview:large","max-video-preview":"max-video-preview:-1"},"canonical":"https:\/\/gspotkiteboarding.lt\/en\/iranga\/","og_locale":"en_GB","og_type":"article","og_title":"Iranga - gspotkiteboarding.lt","og_description":"\u012eRANGA \u012eranga svarbu, tod\u0117l si\u016blome tik savo i\u0161bandyt\u0105, pam\u0117gt\u0105 ir kokybi\u0161k\u0105 \u012frang\u0105. Patarsime, suteiksime vis\u0105 reikaling\u0105 informacij\u0105 ir pad\u0117sime \u012fsigyti. gspot@kiteboarding.lt +370 611 411 71 M\u016aS\u0172 PARTNERIS &#8211; CORE CORE &#8211; tai ilgametis m\u016bs\u0173 (Gabby) partneris, gaminantis maksimalios kokyb\u0117s \u012frang\u0105, pad\u0117j\u0119s pasiekti auk\u0161\u010diausi\u0173 tiksl\u0173 ne tik Gabrielei, bet ir daugybei kit\u0173 pasaulyje gerai \u017einom\u0173 atlet\u0173. [&hellip;]","og_url":"https:\/\/gspotkiteboarding.lt\/en\/iranga\/","og_site_name":"gspotkiteboarding.lt","article_publisher":"https:\/\/www.facebook.com\/gspotkiteboarding","article_modified_time":"2024-07-09T15:58:24+00:00","og_image":[{"width":1200,"height":630,"url":"https:\/\/gspotkiteboarding.lt\/wp-content\/uploads\/2021\/04\/thumbnail.jpg","type":"image\/jpeg"}],"twitter_card":"summary_large_image","twitter_misc":{"Estimated reading time":"1 minute"},"schema":{"@context":"https:\/\/schema.org","@graph":[{"@type":"WebPage","@id":"https:\/\/gspotkiteboarding.lt\/iranga\/","url":"https:\/\/gspotkiteboarding.lt\/iranga\/","name":"Iranga - gspotkiteboarding.lt","isPartOf":{"@id":"https:\/\/gspotkiteboarding.lt\/#website"},"primaryImageOfPage":{"@id":"https:\/\/gspotkiteboarding.lt\/iranga\/#primaryimage"},"image":{"@id":"https:\/\/gspotkiteboarding.lt\/iranga\/#primaryimage"},"thumbnailUrl":"http:\/\/gspotkiteboarding.lt\/wp-content\/uploads\/2024\/06\/core-logo.png","datePublished":"2024-05-23T06:31:42+00:00","dateModified":"2024-07-09T15:58:24+00:00","breadcrumb":{"@id":"https:\/\/gspotkiteboarding.lt\/iranga\/#breadcrumb"},"inLanguage":"en-GB","potentialAction":[{"@type":"ReadAction","target":["https:\/\/gspotkiteboarding.lt\/iranga\/"]}]},{"@type":"ImageObject","inLanguage":"en-GB","@id":"https:\/\/gspotkiteboarding.lt\/iranga\/#primaryimage","url":"http:\/\/gspotkiteboarding.lt\/wp-content\/uploads\/2024\/06\/core-logo.png","contentUrl":"http:\/\/gspotkiteboarding.lt\/wp-content\/uploads\/2024\/06\/core-logo.png"},{"@type":"BreadcrumbList","@id":"https:\/\/gspotkiteboarding.lt\/iranga\/#breadcrumb","itemListElement":[{"@type":"ListItem","position":1,"name":"Home","item":"https:\/\/gspotkiteboarding.lt\/"},{"@type":"ListItem","position":2,"name":"Iranga"}]},{"@type":"WebSite","@id":"https:\/\/gspotkiteboarding.lt\/#website","url":"https:\/\/gspotkiteboarding.lt\/","name":"gspotkiteboarding.lt","description":"laikas i\u0161\u0161\u016bkiams!","potentialAction":[{"@type":"SearchAction","target":{"@type":"EntryPoint","urlTemplate":"https:\/\/gspotkiteboarding.lt\/?s={search_term_string}"},"query-input":{"@type":"PropertyValueSpecification","valueRequired":true,"valueName":"search_term_string"}}],"inLanguage":"en-GB"}]}},"_links":{"self":[{"href":"https:\/\/gspotkiteboarding.lt\/en\/wp-json\/wp\/v2\/pages\/4280","targetHints":{"allow":["GET"]}}],"collection":[{"href":"https:\/\/gspotkiteboarding.lt\/en\/wp-json\/wp\/v2\/pages"}],"about":[{"href":"https:\/\/gspotkiteboarding.lt\/en\/wp-json\/wp\/v2\/types\/page"}],"author":[{"embeddable":true,"href":"https:\/\/gspotkiteboarding.lt\/en\/wp-json\/wp\/v2\/users\/1"}],"replies":[{"embeddable":true,"href":"https:\/\/gspotkiteboarding.lt\/en\/wp-json\/wp\/v2\/comments?post=4280"}],"version-history":[{"count":46,"href":"https:\/\/gspotkiteboarding.lt\/en\/wp-json\/wp\/v2\/pages\/4280\/revisions"}],"predecessor-version":[{"id":4858,"href":"https:\/\/gspotkiteboarding.lt\/en\/wp-json\/wp\/v2\/pages\/4280\/revisions\/4858"}],"wp:attachment":[{"href":"https:\/\/gspotkiteboarding.lt\/en\/wp-json\/wp\/v2\/media?parent=4280"}],"curies":[{"name":"wp","href":"https:\/\/api.w.org\/{rel}","templated":true}]}}