{"id":225,"date":"2021-03-11T07:49:45","date_gmt":"2021-03-11T07:49:45","guid":{"rendered":"https:\/\/gspotkiteboarding.lt\/?page_id=225"},"modified":"2024-07-09T15:24:42","modified_gmt":"2024-07-09T15:24:42","slug":"aapie-mus","status":"publish","type":"page","link":"https:\/\/gspotkiteboarding.lt\/en\/aapie-mus\/","title":{"rendered":"Apie"},"content":{"rendered":"<h2>ABOUT US<\/h2>\n<h2>WHO WE ARE<br \/>\nWE ARE<\/h2>\n<p>We are a kitesurfing school founded by Gabriel\u0117 Piorait\u0117, a professional kitesurfer, multiple participant and prize-winner of various championships, and world record holder. This is a space for active leisure and amazing experiences, where anyone can experience life-changing adventures, enjoy time for themselves, and share impressions with like-minded people. Kitesurfing is not just a sport, it is a lifestyle that we want to share with you!<\/p>\n<h2>WHAT WE DO<br \/>\nWE ARE WORKING<\/h2>\n<p><img fetchpriority=\"high\" decoding=\"async\" src=\"http:\/\/gspotkiteboarding.lt\/wp-content\/uploads\/2021\/04\/Bendruomene\u0307.jpg\" sizes=\"(max-width: 820px) 100vw, 820px\" srcset=\"https:\/\/gspotkiteboarding.lt\/wp-content\/uploads\/2021\/04\/Bendruomene\u0307.jpg 820w, https:\/\/gspotkiteboarding.lt\/wp-content\/uploads\/2021\/04\/Bendruomene\u0307-600x582.jpg 600w, https:\/\/gspotkiteboarding.lt\/wp-content\/uploads\/2021\/04\/Bendruomene\u0307-300x291.jpg 300w, https:\/\/gspotkiteboarding.lt\/wp-content\/uploads\/2021\/04\/Bendruomene\u0307-768x746.jpg 768w\" alt=\"\" width=\"820\" height=\"796\" \/><\/p>\n<h2>WE ORGANIZE COURSES<\/h2>\n<p>Our spot welcomes everyone who wants to touch and get acquainted with the sport of kitesurfing. We are open to everyone, regardless of whether you are a beginner in this field or already advanced. We organize both individual and group courses, and for those who want to achieve the highest results - we invite you to progress lessons with world record holder Gabriele Pioraite.<\/p>\n<p><a role=\"button\" href=\"https:\/\/gspotkiteboarding.lt\/en\/kursai\/\"><br \/>\nLearn more<br \/>\n<\/a><br \/>\n<img decoding=\"async\" data-src=\"http:\/\/gspotkiteboarding.lt\/wp-content\/uploads\/2021\/04\/Kursai.jpg\" data-sizes=\"(max-width: 822px) 100vw, 822px\" data-srcset=\"https:\/\/gspotkiteboarding.lt\/wp-content\/uploads\/2021\/04\/Kursai.jpg 822w, https:\/\/gspotkiteboarding.lt\/wp-content\/uploads\/2021\/04\/Kursai-600x581.jpg 600w, https:\/\/gspotkiteboarding.lt\/wp-content\/uploads\/2021\/04\/Kursai-300x291.jpg 300w, https:\/\/gspotkiteboarding.lt\/wp-content\/uploads\/2021\/04\/Kursai-768x744.jpg 768w\" alt=\"\" width=\"822\" height=\"796\" src=\"data:image\/gif;base64,R0lGODlhAQABAAAAACH5BAEKAAEALAAAAAABAAEAAAICTAEAOw==\" class=\"lazyload\" style=\"--smush-placeholder-width: 822px; --smush-placeholder-aspect-ratio: 822\/796;\" \/><\/p>\n<h2>WE WANT TO CREATE AN OPEN COMMUNITY<\/h2>\n<p>Camping is a way of life that is based on community. We dream of a friendly, energetic, happy and supportive community where relationships are built on trust and respect. We want to create a space where people can spend quality time together.<\/p>\n<p><a role=\"button\" href=\"https:\/\/gspotkiteboarding.lt\/en\/bendruomene\/\"><br \/>\nLearn more<br \/>\n<\/a><br \/>\n<img decoding=\"async\" data-src=\"http:\/\/gspotkiteboarding.lt\/wp-content\/uploads\/2021\/04\/I\u0328ranga.jpg\" data-sizes=\"(max-width: 822px) 100vw, 822px\" data-srcset=\"https:\/\/gspotkiteboarding.lt\/wp-content\/uploads\/2021\/04\/I\u0328ranga.jpg 822w, https:\/\/gspotkiteboarding.lt\/wp-content\/uploads\/2021\/04\/I\u0328ranga-600x581.jpg 600w, https:\/\/gspotkiteboarding.lt\/wp-content\/uploads\/2021\/04\/I\u0328ranga-300x291.jpg 300w, https:\/\/gspotkiteboarding.lt\/wp-content\/uploads\/2021\/04\/I\u0328ranga-768x744.jpg 768w\" alt=\"\" width=\"822\" height=\"796\" src=\"data:image\/gif;base64,R0lGODlhAQABAAAAACH5BAEKAAEALAAAAAABAAEAAAICTAEAOw==\" class=\"lazyload\" style=\"--smush-placeholder-width: 822px; --smush-placeholder-aspect-ratio: 822\/796;\" \/><\/p>\n<h2>WE OFFER THE BEST QUALITY EQUIPMENT<\/h2>\n<p>We say it openly - equipment is important, so we offer only our tested, loved and high-quality equipment that meets the highest expectations of ourselves and many sports enthusiasts from all over the world. We will advise, provide all the necessary information and help you purchase it.<\/p>\n<p><a role=\"button\" href=\"https:\/\/gspotkiteboarding.lt\/en\/iranga\/\"><br \/>\nLearn more<br \/>\n<\/a><\/p>\n<h2>OUR HOUSE \u2013<br \/>\nSVENCELE<\/h2>\n<p>Svencel\u0117 is a unique corner of paradise, located by the Curonian Lagoon, where you will always meet a community crazy about the wind. The water will wash away everyday worries, the fresh air will give you strength, and the wind will refresh you. Due to the peculiarities of the lagoon coast, Gspot is very hospitable to beginners, so regardless of your skills, we all have ideal conditions to enjoy kitesurfing here. You will also find places to eat deliciously and stay comfortably near us. Look for the Gspot flags in Svencel\u0117 meadow and stop by to say hello!<\/p>\n<p><img decoding=\"async\" data-src=\"http:\/\/gspotkiteboarding.lt\/wp-content\/uploads\/2022\/03\/IMG_5984-scaled.jpg\" alt=\"\" width=\"1024\" height=\"683\" src=\"data:image\/gif;base64,R0lGODlhAQABAAAAACH5BAEKAAEALAAAAAABAAEAAAICTAEAOw==\" class=\"lazyload\" style=\"--smush-placeholder-width: 1024px; --smush-placeholder-aspect-ratio: 1024\/683;\" \/><\/p>\n<h2>HEATING \u2013<br \/>\nWHAT IS THIS?<\/h2>\n<p>It is an activity where there are no losers. For us, it is a feeling that cannot be described in words, but must be experienced. It is an active way of leisure, sport, community and nature, it is happiness, emotions, experiences and much more. To some, it seems just like a kitesurfing sport, where you sail on a board with the help of a kite and wind. And what it will become for you, you will find out when you come to Gspot!<\/p>\n<p><a role=\"button\" href=\"https:\/\/gspotkiteboarding.lt\/en\/kaitavimasduk\/\"><br \/>\nMore answers to frequently asked questions<br \/>\nfrequently asked questions can be found here<br \/>\n<\/a><br \/>\n<a>WHERE TO START?<\/a><\/p>\n<p>Register for a course and await further instructions. Under no circumstances should you attempt this sport without the supervision of a certified instructor.<\/p>\n<p><a>HOW DOES THE TRAINING WORK?<\/a><\/p>\n<p>Upon arrival, you will be introduced to the instructor and will immediately start with theory on the shore, then get into the water. The instructor will be with you the entire time.<\/p>\n<p><a>IS PHYSICAL PREPARATION REQUIRED?<\/a><\/p>\n<p>Not necessary. A great desire is enough.<\/p>\n<p><a>I WANT TO, BUT I&#039;M AFRAID. WHAT SHOULD I DO?<\/a><\/p>\n<p>Write to us and we will find a way to overcome your fears! Our team has even taught people who are afraid of water.<\/p>\n<h2>START KITEING<br \/>\nNOW!<\/h2>\n<p><a role=\"button\" href=\"https:\/\/gspotkiteboarding.lt\/en\/kursai\/\"><br \/>\nBook courses<br \/>\n<\/a><\/p>","protected":false},"excerpt":{"rendered":"<p>APIE MUS KAS MES ESAME Mes esame j\u0117gos aitvar\u0173 sporto profesional\u0117s, daugkartin\u0117s \u012fvairi\u0173 \u010dempionat\u0173 dalyv\u0117s ir prizinink\u0117s, pasaulio rekordinink\u0117s Gabriel\u0117s Piorait\u0117s \u012fkurta kaitavimo mokykla. Tai aktyvaus laisvalaikio ir nuostabi\u0173 patir\u010di\u0173 erdv\u0117, kurioje kiekvienas norintis gali patirti gyvenim\u0105 kei\u010dian\u010dius nuotykius, m\u0117gautis laiku sau ir dalintis \u012fsp\u016bd\u017eiais su bendramin\u010diais. Kaitavimas \u2013 tai ne tik sportas, tai gyvenimo [&hellip;]<\/p>","protected":false},"author":1,"featured_media":0,"parent":0,"menu_order":0,"comment_status":"closed","ping_status":"closed","template":"elementor_header_footer","meta":{"inline_featured_image":false,"ocean_post_layout":"","ocean_both_sidebars_style":"","ocean_both_sidebars_content_width":0,"ocean_both_sidebars_sidebars_width":0,"ocean_sidebar":"0","ocean_second_sidebar":"0","ocean_disable_margins":"enable","ocean_add_body_class":"","ocean_shortcode_before_top_bar":"","ocean_shortcode_after_top_bar":"","ocean_shortcode_before_header":"","ocean_shortcode_after_header":"","ocean_has_shortcode":"","ocean_shortcode_after_title":"","ocean_shortcode_before_footer_widgets":"","ocean_shortcode_after_footer_widgets":"","ocean_shortcode_before_footer_bottom":"","ocean_shortcode_after_footer_bottom":"","ocean_display_top_bar":"default","ocean_display_header":"default","ocean_header_style":"","ocean_center_header_left_menu":"0","ocean_custom_header_template":"0","ocean_custom_logo":0,"ocean_custom_retina_logo":0,"ocean_custom_logo_max_width":0,"ocean_custom_logo_tablet_max_width":0,"ocean_custom_logo_mobile_max_width":0,"ocean_custom_logo_max_height":0,"ocean_custom_logo_tablet_max_height":0,"ocean_custom_logo_mobile_max_height":0,"ocean_header_custom_menu":"0","ocean_menu_typo_font_family":"0","ocean_menu_typo_font_subset":"","ocean_menu_typo_font_size":0,"ocean_menu_typo_font_size_tablet":0,"ocean_menu_typo_font_size_mobile":0,"ocean_menu_typo_font_size_unit":"px","ocean_menu_typo_font_weight":"","ocean_menu_typo_font_weight_tablet":"","ocean_menu_typo_font_weight_mobile":"","ocean_menu_typo_transform":"","ocean_menu_typo_transform_tablet":"","ocean_menu_typo_transform_mobile":"","ocean_menu_typo_line_height":0,"ocean_menu_typo_line_height_tablet":0,"ocean_menu_typo_line_height_mobile":0,"ocean_menu_typo_line_height_unit":"","ocean_menu_typo_spacing":0,"ocean_menu_typo_spacing_tablet":0,"ocean_menu_typo_spacing_mobile":0,"ocean_menu_typo_spacing_unit":"","ocean_menu_link_color":"","ocean_menu_link_color_hover":"","ocean_menu_link_color_active":"","ocean_menu_link_background":"","ocean_menu_link_hover_background":"","ocean_menu_link_active_background":"","ocean_menu_social_links_bg":"","ocean_menu_social_hover_links_bg":"","ocean_menu_social_links_color":"","ocean_menu_social_hover_links_color":"","ocean_disable_title":"default","ocean_disable_heading":"default","ocean_post_title":"","ocean_post_subheading":"","ocean_post_title_style":"","ocean_post_title_background_color":"","ocean_post_title_background":0,"ocean_post_title_bg_image_position":"","ocean_post_title_bg_image_attachment":"","ocean_post_title_bg_image_repeat":"","ocean_post_title_bg_image_size":"","ocean_post_title_height":0,"ocean_post_title_bg_overlay":0.5,"ocean_post_title_bg_overlay_color":"","ocean_disable_breadcrumbs":"default","ocean_breadcrumbs_color":"","ocean_breadcrumbs_separator_color":"","ocean_breadcrumbs_links_color":"","ocean_breadcrumbs_links_hover_color":"","ocean_display_footer_widgets":"default","ocean_display_footer_bottom":"default","ocean_custom_footer_template":"0","footnotes":""},"class_list":["post-225","page","type-page","status-publish","hentry","entry","owp-thumbs-layout-horizontal","owp-btn-normal","owp-tabs-layout-horizontal","has-no-thumbnails","has-product-nav"],"yoast_head":"<!-- This site is optimized with the Yoast SEO plugin v24.6 - https:\/\/yoast.com\/wordpress\/plugins\/seo\/ -->\n<title>Apie - gspotkiteboarding.lt<\/title>\n<meta name=\"robots\" content=\"index, follow, max-snippet:-1, max-image-preview:large, max-video-preview:-1\" \/>\n<link rel=\"canonical\" href=\"https:\/\/gspotkiteboarding.lt\/en\/aapie-mus\/\" \/>\n<meta property=\"og:locale\" content=\"en_GB\" \/>\n<meta property=\"og:type\" content=\"article\" \/>\n<meta property=\"og:title\" content=\"Apie - gspotkiteboarding.lt\" \/>\n<meta property=\"og:description\" content=\"APIE MUS KAS MES ESAME Mes esame j\u0117gos aitvar\u0173 sporto profesional\u0117s, daugkartin\u0117s \u012fvairi\u0173 \u010dempionat\u0173 dalyv\u0117s ir prizinink\u0117s, pasaulio rekordinink\u0117s Gabriel\u0117s Piorait\u0117s \u012fkurta kaitavimo mokykla. Tai aktyvaus laisvalaikio ir nuostabi\u0173 patir\u010di\u0173 erdv\u0117, kurioje kiekvienas norintis gali patirti gyvenim\u0105 kei\u010dian\u010dius nuotykius, m\u0117gautis laiku sau ir dalintis \u012fsp\u016bd\u017eiais su bendramin\u010diais. Kaitavimas \u2013 tai ne tik sportas, tai gyvenimo [&hellip;]\" \/>\n<meta property=\"og:url\" content=\"https:\/\/gspotkiteboarding.lt\/en\/aapie-mus\/\" \/>\n<meta property=\"og:site_name\" content=\"gspotkiteboarding.lt\" \/>\n<meta property=\"article:publisher\" content=\"https:\/\/www.facebook.com\/gspotkiteboarding\" \/>\n<meta property=\"article:modified_time\" content=\"2024-07-09T15:24:42+00:00\" \/>\n<meta property=\"og:image\" content=\"https:\/\/gspotkiteboarding.lt\/wp-content\/uploads\/2021\/04\/thumbnail.jpg\" \/>\n\t<meta property=\"og:image:width\" content=\"1200\" \/>\n\t<meta property=\"og:image:height\" content=\"630\" \/>\n\t<meta property=\"og:image:type\" content=\"image\/jpeg\" \/>\n<meta name=\"twitter:card\" content=\"summary_large_image\" \/>\n<meta name=\"twitter:label1\" content=\"Estimated reading time\" \/>\n\t<meta name=\"twitter:data1\" content=\"3 minutes\" \/>\n<script type=\"application\/ld+json\" class=\"yoast-schema-graph\">{\"@context\":\"https:\/\/schema.org\",\"@graph\":[{\"@type\":\"WebPage\",\"@id\":\"https:\/\/gspotkiteboarding.lt\/aapie-mus\/\",\"url\":\"https:\/\/gspotkiteboarding.lt\/aapie-mus\/\",\"name\":\"Apie - gspotkiteboarding.lt\",\"isPartOf\":{\"@id\":\"https:\/\/gspotkiteboarding.lt\/#website\"},\"primaryImageOfPage\":{\"@id\":\"https:\/\/gspotkiteboarding.lt\/aapie-mus\/#primaryimage\"},\"image\":{\"@id\":\"https:\/\/gspotkiteboarding.lt\/aapie-mus\/#primaryimage\"},\"thumbnailUrl\":\"http:\/\/gspotkiteboarding.lt\/wp-content\/uploads\/2021\/04\/Kursai.jpg\",\"datePublished\":\"2021-03-11T07:49:45+00:00\",\"dateModified\":\"2024-07-09T15:24:42+00:00\",\"breadcrumb\":{\"@id\":\"https:\/\/gspotkiteboarding.lt\/aapie-mus\/#breadcrumb\"},\"inLanguage\":\"en-GB\",\"potentialAction\":[{\"@type\":\"ReadAction\",\"target\":[\"https:\/\/gspotkiteboarding.lt\/aapie-mus\/\"]}]},{\"@type\":\"ImageObject\",\"inLanguage\":\"en-GB\",\"@id\":\"https:\/\/gspotkiteboarding.lt\/aapie-mus\/#primaryimage\",\"url\":\"http:\/\/gspotkiteboarding.lt\/wp-content\/uploads\/2021\/04\/Kursai.jpg\",\"contentUrl\":\"http:\/\/gspotkiteboarding.lt\/wp-content\/uploads\/2021\/04\/Kursai.jpg\"},{\"@type\":\"BreadcrumbList\",\"@id\":\"https:\/\/gspotkiteboarding.lt\/aapie-mus\/#breadcrumb\",\"itemListElement\":[{\"@type\":\"ListItem\",\"position\":1,\"name\":\"Home\",\"item\":\"https:\/\/gspotkiteboarding.lt\/\"},{\"@type\":\"ListItem\",\"position\":2,\"name\":\"Apie\"}]},{\"@type\":\"WebSite\",\"@id\":\"https:\/\/gspotkiteboarding.lt\/#website\",\"url\":\"https:\/\/gspotkiteboarding.lt\/\",\"name\":\"gspotkiteboarding.lt\",\"description\":\"laikas i\u0161\u0161\u016bkiams!\",\"potentialAction\":[{\"@type\":\"SearchAction\",\"target\":{\"@type\":\"EntryPoint\",\"urlTemplate\":\"https:\/\/gspotkiteboarding.lt\/?s={search_term_string}\"},\"query-input\":{\"@type\":\"PropertyValueSpecification\",\"valueRequired\":true,\"valueName\":\"search_term_string\"}}],\"inLanguage\":\"en-GB\"}]}<\/script>\n<!-- \/ Yoast SEO plugin. -->","yoast_head_json":{"title":"Apie - gspotkiteboarding.lt","robots":{"index":"index","follow":"follow","max-snippet":"max-snippet:-1","max-image-preview":"max-image-preview:large","max-video-preview":"max-video-preview:-1"},"canonical":"https:\/\/gspotkiteboarding.lt\/en\/aapie-mus\/","og_locale":"en_GB","og_type":"article","og_title":"Apie - gspotkiteboarding.lt","og_description":"APIE MUS KAS MES ESAME Mes esame j\u0117gos aitvar\u0173 sporto profesional\u0117s, daugkartin\u0117s \u012fvairi\u0173 \u010dempionat\u0173 dalyv\u0117s ir prizinink\u0117s, pasaulio rekordinink\u0117s Gabriel\u0117s Piorait\u0117s \u012fkurta kaitavimo mokykla. Tai aktyvaus laisvalaikio ir nuostabi\u0173 patir\u010di\u0173 erdv\u0117, kurioje kiekvienas norintis gali patirti gyvenim\u0105 kei\u010dian\u010dius nuotykius, m\u0117gautis laiku sau ir dalintis \u012fsp\u016bd\u017eiais su bendramin\u010diais. Kaitavimas \u2013 tai ne tik sportas, tai gyvenimo [&hellip;]","og_url":"https:\/\/gspotkiteboarding.lt\/en\/aapie-mus\/","og_site_name":"gspotkiteboarding.lt","article_publisher":"https:\/\/www.facebook.com\/gspotkiteboarding","article_modified_time":"2024-07-09T15:24:42+00:00","og_image":[{"width":1200,"height":630,"url":"https:\/\/gspotkiteboarding.lt\/wp-content\/uploads\/2021\/04\/thumbnail.jpg","type":"image\/jpeg"}],"twitter_card":"summary_large_image","twitter_misc":{"Estimated reading time":"3 minutes"},"schema":{"@context":"https:\/\/schema.org","@graph":[{"@type":"WebPage","@id":"https:\/\/gspotkiteboarding.lt\/aapie-mus\/","url":"https:\/\/gspotkiteboarding.lt\/aapie-mus\/","name":"Apie - gspotkiteboarding.lt","isPartOf":{"@id":"https:\/\/gspotkiteboarding.lt\/#website"},"primaryImageOfPage":{"@id":"https:\/\/gspotkiteboarding.lt\/aapie-mus\/#primaryimage"},"image":{"@id":"https:\/\/gspotkiteboarding.lt\/aapie-mus\/#primaryimage"},"thumbnailUrl":"http:\/\/gspotkiteboarding.lt\/wp-content\/uploads\/2021\/04\/Kursai.jpg","datePublished":"2021-03-11T07:49:45+00:00","dateModified":"2024-07-09T15:24:42+00:00","breadcrumb":{"@id":"https:\/\/gspotkiteboarding.lt\/aapie-mus\/#breadcrumb"},"inLanguage":"en-GB","potentialAction":[{"@type":"ReadAction","target":["https:\/\/gspotkiteboarding.lt\/aapie-mus\/"]}]},{"@type":"ImageObject","inLanguage":"en-GB","@id":"https:\/\/gspotkiteboarding.lt\/aapie-mus\/#primaryimage","url":"http:\/\/gspotkiteboarding.lt\/wp-content\/uploads\/2021\/04\/Kursai.jpg","contentUrl":"http:\/\/gspotkiteboarding.lt\/wp-content\/uploads\/2021\/04\/Kursai.jpg"},{"@type":"BreadcrumbList","@id":"https:\/\/gspotkiteboarding.lt\/aapie-mus\/#breadcrumb","itemListElement":[{"@type":"ListItem","position":1,"name":"Home","item":"https:\/\/gspotkiteboarding.lt\/"},{"@type":"ListItem","position":2,"name":"Apie"}]},{"@type":"WebSite","@id":"https:\/\/gspotkiteboarding.lt\/#website","url":"https:\/\/gspotkiteboarding.lt\/","name":"gspotkiteboarding.lt","description":"laikas i\u0161\u0161\u016bkiams!","potentialAction":[{"@type":"SearchAction","target":{"@type":"EntryPoint","urlTemplate":"https:\/\/gspotkiteboarding.lt\/?s={search_term_string}"},"query-input":{"@type":"PropertyValueSpecification","valueRequired":true,"valueName":"search_term_string"}}],"inLanguage":"en-GB"}]}},"_links":{"self":[{"href":"https:\/\/gspotkiteboarding.lt\/en\/wp-json\/wp\/v2\/pages\/225","targetHints":{"allow":["GET"]}}],"collection":[{"href":"https:\/\/gspotkiteboarding.lt\/en\/wp-json\/wp\/v2\/pages"}],"about":[{"href":"https:\/\/gspotkiteboarding.lt\/en\/wp-json\/wp\/v2\/types\/page"}],"author":[{"embeddable":true,"href":"https:\/\/gspotkiteboarding.lt\/en\/wp-json\/wp\/v2\/users\/1"}],"replies":[{"embeddable":true,"href":"https:\/\/gspotkiteboarding.lt\/en\/wp-json\/wp\/v2\/comments?post=225"}],"version-history":[{"count":349,"href":"https:\/\/gspotkiteboarding.lt\/en\/wp-json\/wp\/v2\/pages\/225\/revisions"}],"predecessor-version":[{"id":4814,"href":"https:\/\/gspotkiteboarding.lt\/en\/wp-json\/wp\/v2\/pages\/225\/revisions\/4814"}],"wp:attachment":[{"href":"https:\/\/gspotkiteboarding.lt\/en\/wp-json\/wp\/v2\/media?parent=225"}],"curies":[{"name":"wp","href":"https:\/\/api.w.org\/{rel}","templated":true}]}}