{"id":1869,"date":"2021-04-07T16:14:21","date_gmt":"2021-04-07T16:14:21","guid":{"rendered":"https:\/\/gspotkiteboarding.lt\/?page_id=1869"},"modified":"2021-05-17T12:39:18","modified_gmt":"2021-05-17T12:39:18","slug":"stovykla","status":"publish","type":"page","link":"https:\/\/gspotkiteboarding.lt\/en\/stovykla\/","title":{"rendered":"Stovykla"},"content":{"rendered":"<div data-elementor-type=\"wp-page\" data-elementor-id=\"1869\" class=\"elementor elementor-1869\" data-elementor-post-type=\"page\">\n\t\t\t\t\t\t<section class=\"elementor-section elementor-top-section elementor-element elementor-element-67263c0 elementor-section-full_width elementor-section-height-default elementor-section-height-default\" data-id=\"67263c0\" data-element_type=\"section\" data-settings=\"{&quot;background_background&quot;:&quot;classic&quot;}\">\n\t\t\t\t\t\t<div class=\"elementor-container elementor-column-gap-no\">\n\t\t\t\t\t<div class=\"elementor-column elementor-col-100 elementor-top-column elementor-element elementor-element-fdf9b87\" data-id=\"fdf9b87\" data-element_type=\"column\" data-settings=\"{&quot;background_background&quot;:&quot;classic&quot;}\">\n\t\t\t<div class=\"elementor-widget-wrap elementor-element-populated\">\n\t\t\t\t\t\t<div class=\"elementor-element elementor-element-e64ef76 elementor-widget elementor-widget-heading\" data-id=\"e64ef76\" data-element_type=\"widget\" data-widget_type=\"heading.default\">\n\t\t\t\t<div class=\"elementor-widget-container\">\n\t\t\t\t\t<h2 class=\"elementor-heading-title elementor-size-default\">KITE AND SUMMER ENTERTAINMENT CAMP &quot;GSPOT&quot;<\/h2>\t\t\t\t<\/div>\n\t\t\t\t<\/div>\n\t\t\t\t<div class=\"elementor-element elementor-element-6153ed6 elementor-widget elementor-widget-text-editor\" data-id=\"6153ed6\" data-element_type=\"widget\" data-widget_type=\"text-editor.default\">\n\t\t\t\t<div class=\"elementor-widget-container\">\n\t\t\t\t\t\t\t\t\t<p style=\"font-weight: 400;\">An unforgettable summer with wind, kites and discoveries starts HERE! On June 18-20, we invite you to the kitesurfing and summer entertainment camp &quot;Gspot&quot; in Svencel\u0117! During the camp, we will learn how to control a kite, as well as your<span style=\"font-size: 16px; font-weight: 400;\">\u00a0Inspiring workouts await you, during which you will fall in love with sports for life, other water activities, dancing until the morning with DJ music and wind-headed like-minded people from all over Lithuania! Escape from the daily rush and immerse yourself in the freedom of mind and body, which the wind and the lagoon give. Maybe this adventure will change your life forever?<\/span><\/p>\t\t\t\t\t\t\t\t<\/div>\n\t\t\t\t<\/div>\n\t\t\t\t<div class=\"elementor-element elementor-element-f643889 elementor-align-left elementor-widget elementor-widget-button\" data-id=\"f643889\" data-element_type=\"widget\" data-widget_type=\"button.default\">\n\t\t\t\t<div class=\"elementor-widget-container\">\n\t\t\t\t\t\t\t\t\t<div class=\"elementor-button-wrapper\">\n\t\t\t\t\t<a class=\"elementor-button elementor-button-link elementor-size-sm\" href=\"https:\/\/gspotkiteboarding.lt\/en\/product\/stovykla\/\">\n\t\t\t\t\t\t<span class=\"elementor-button-content-wrapper\">\n\t\t\t\t\t\t\t\t\t<span class=\"elementor-button-text\">RESERVE YOUR PLACE<\/span>\n\t\t\t\t\t<\/span>\n\t\t\t\t\t<\/a>\n\t\t\t\t<\/div>\n\t\t\t\t\t\t\t\t<\/div>\n\t\t\t\t<\/div>\n\t\t\t\t\t<\/div>\n\t\t<\/div>\n\t\t\t\t\t<\/div>\n\t\t<\/section>\n\t\t\t\t<section class=\"elementor-section elementor-top-section elementor-element elementor-element-2451f4a elementor-section-full_width elementor-section-height-default elementor-section-height-default\" data-id=\"2451f4a\" data-element_type=\"section\" data-settings=\"{&quot;background_background&quot;:&quot;classic&quot;}\">\n\t\t\t\t\t\t<div class=\"elementor-container elementor-column-gap-default\">\n\t\t\t\t\t<div class=\"elementor-column elementor-col-100 elementor-top-column elementor-element elementor-element-1e5ffeb\" data-id=\"1e5ffeb\" data-element_type=\"column\">\n\t\t\t<div class=\"elementor-widget-wrap elementor-element-populated\">\n\t\t\t\t\t\t<div class=\"elementor-element elementor-element-a61bcd3 elementor-widget elementor-widget-image\" data-id=\"a61bcd3\" data-element_type=\"widget\" data-widget_type=\"image.default\">\n\t\t\t\t<div class=\"elementor-widget-container\">\n\t\t\t\t\t\t\t\t\t\t\t\t\t\t\t<img fetchpriority=\"high\" decoding=\"async\" width=\"411\" height=\"398\" src=\"https:\/\/gspotkiteboarding.lt\/wp-content\/uploads\/2021\/03\/Kursai-1.jpg\" class=\"attachment-large size-large wp-image-284\" alt=\"\" srcset=\"https:\/\/gspotkiteboarding.lt\/wp-content\/uploads\/2021\/03\/Kursai-1.jpg 411w, https:\/\/gspotkiteboarding.lt\/wp-content\/uploads\/2021\/03\/Kursai-1-300x291.jpg 300w\" sizes=\"(max-width: 411px) 100vw, 411px\" \/>\t\t\t\t\t\t\t\t\t\t\t\t\t\t\t<\/div>\n\t\t\t\t<\/div>\n\t\t\t\t\t<\/div>\n\t\t<\/div>\n\t\t\t\t\t<\/div>\n\t\t<\/section>\n\t\t\t\t<section class=\"elementor-section elementor-top-section elementor-element elementor-element-e15a6fe elementor-section-full_width elementor-hidden-desktop elementor-hidden-tablet elementor-hidden-phone elementor-section-height-default elementor-section-height-default\" data-id=\"e15a6fe\" data-element_type=\"section\" data-settings=\"{&quot;background_background&quot;:&quot;classic&quot;}\">\n\t\t\t\t\t\t<div class=\"elementor-container elementor-column-gap-no\">\n\t\t\t\t\t<div class=\"elementor-column elementor-col-100 elementor-top-column elementor-element elementor-element-88d5a30\" data-id=\"88d5a30\" data-element_type=\"column\">\n\t\t\t<div class=\"elementor-widget-wrap elementor-element-populated\">\n\t\t\t\t\t\t<div class=\"elementor-element elementor-element-ae275f3 elementor-widget elementor-widget-heading\" data-id=\"ae275f3\" data-element_type=\"widget\" data-widget_type=\"heading.default\">\n\t\t\t\t<div class=\"elementor-widget-container\">\n\t\t\t\t\t<h2 class=\"elementor-heading-title elementor-size-default\">EVENT NAME<\/h2>\t\t\t\t<\/div>\n\t\t\t\t<\/div>\n\t\t\t\t<div class=\"elementor-element elementor-element-905a029 elementor-widget elementor-widget-text-editor\" data-id=\"905a029\" data-element_type=\"widget\" data-widget_type=\"text-editor.default\">\n\t\t\t\t<div class=\"elementor-widget-container\">\n\t\t\t\t\t\t\t\t\t<p>Lorem ipsum dolor sit amet, consectetur adipiscing elit. Arcu odio nam convallis tristique aliquet dignissim. Non mi in facilisis tristique vitae cursus dolor, diam ultricies. Ac urna, lacus, ut et ut tempus. Ornare tortor elit egestas nisl, cursus est. Non mi in facilisis tristique vitae cursus dolor, diam ultricies. Ac urna, lacus, ut et ut tempus. Ornare tortor elit egestas nisl, cursus est.<\/p>\t\t\t\t\t\t\t\t<\/div>\n\t\t\t\t<\/div>\n\t\t\t\t<div class=\"elementor-element elementor-element-9a43ab8 elementor-widget elementor-widget-text-editor\" data-id=\"9a43ab8\" data-element_type=\"widget\" data-widget_type=\"text-editor.default\">\n\t\t\t\t<div class=\"elementor-widget-container\">\n\t\t\t\t\t\t\t\t\t<p>Learn more<\/p>\t\t\t\t\t\t\t\t<\/div>\n\t\t\t\t<\/div>\n\t\t\t\t\t<\/div>\n\t\t<\/div>\n\t\t\t\t\t<\/div>\n\t\t<\/section>\n\t\t\t\t<section class=\"elementor-section elementor-top-section elementor-element elementor-element-5e16752 elementor-section-full_width elementor-hidden-desktop elementor-hidden-tablet elementor-hidden-phone elementor-section-height-default elementor-section-height-default\" data-id=\"5e16752\" data-element_type=\"section\" data-settings=\"{&quot;background_background&quot;:&quot;classic&quot;}\">\n\t\t\t\t\t\t<div class=\"elementor-container elementor-column-gap-no\">\n\t\t\t\t\t<div class=\"elementor-column elementor-col-100 elementor-top-column elementor-element elementor-element-894ef1d\" data-id=\"894ef1d\" data-element_type=\"column\">\n\t\t\t<div class=\"elementor-widget-wrap elementor-element-populated\">\n\t\t\t\t\t\t<div class=\"elementor-element elementor-element-e663486 elementor-widget elementor-widget-heading\" data-id=\"e663486\" data-element_type=\"widget\" data-widget_type=\"heading.default\">\n\t\t\t\t<div class=\"elementor-widget-container\">\n\t\t\t\t\t<h2 class=\"elementor-heading-title elementor-size-default\">EVENT NAME<\/h2>\t\t\t\t<\/div>\n\t\t\t\t<\/div>\n\t\t\t\t<div class=\"elementor-element elementor-element-1cef82e elementor-widget elementor-widget-text-editor\" data-id=\"1cef82e\" data-element_type=\"widget\" data-widget_type=\"text-editor.default\">\n\t\t\t\t<div class=\"elementor-widget-container\">\n\t\t\t\t\t\t\t\t\t<p>Lorem ipsum dolor sit amet, consectetur adipiscing elit. Arcu odio nam convallis tristique aliquet dignissim. Non mi in facilisis tristique vitae cursus dolor, diam ultricies. Ac urna, lacus, ut et ut tempus. Ornare tortor elit egestas nisl, cursus est. Non mi in facilisis tristique vitae cursus dolor, diam ultricies. Ac urna, lacus, ut et ut tempus. Ornare tortor elit egestas nisl, cursus est.<\/p>\t\t\t\t\t\t\t\t<\/div>\n\t\t\t\t<\/div>\n\t\t\t\t<div class=\"elementor-element elementor-element-54c65d5 elementor-widget elementor-widget-text-editor\" data-id=\"54c65d5\" data-element_type=\"widget\" data-widget_type=\"text-editor.default\">\n\t\t\t\t<div class=\"elementor-widget-container\">\n\t\t\t\t\t\t\t\t\t<p>Learn more<\/p>\t\t\t\t\t\t\t\t<\/div>\n\t\t\t\t<\/div>\n\t\t\t\t\t<\/div>\n\t\t<\/div>\n\t\t\t\t\t<\/div>\n\t\t<\/section>\n\t\t\t\t<section class=\"elementor-section elementor-top-section elementor-element elementor-element-8d0dd5e elementor-section-full_width elementor-hidden-desktop elementor-hidden-tablet elementor-hidden-phone elementor-section-height-default elementor-section-height-default\" data-id=\"8d0dd5e\" data-element_type=\"section\" data-settings=\"{&quot;background_background&quot;:&quot;classic&quot;}\">\n\t\t\t\t\t\t<div class=\"elementor-container elementor-column-gap-no\">\n\t\t\t\t\t<div class=\"elementor-column elementor-col-100 elementor-top-column elementor-element elementor-element-8d67645\" data-id=\"8d67645\" data-element_type=\"column\">\n\t\t\t<div class=\"elementor-widget-wrap elementor-element-populated\">\n\t\t\t\t\t\t<div class=\"elementor-element elementor-element-dfa621b elementor-widget elementor-widget-heading\" data-id=\"dfa621b\" data-element_type=\"widget\" data-widget_type=\"heading.default\">\n\t\t\t\t<div class=\"elementor-widget-container\">\n\t\t\t\t\t<h2 class=\"elementor-heading-title elementor-size-default\">EVENT NAME<\/h2>\t\t\t\t<\/div>\n\t\t\t\t<\/div>\n\t\t\t\t<div class=\"elementor-element elementor-element-f1728d4 elementor-widget elementor-widget-text-editor\" data-id=\"f1728d4\" data-element_type=\"widget\" data-widget_type=\"text-editor.default\">\n\t\t\t\t<div class=\"elementor-widget-container\">\n\t\t\t\t\t\t\t\t\t<p>Lorem ipsum dolor sit amet, consectetur adipiscing elit. Arcu odio nam convallis tristique aliquet dignissim. Non mi in facilisis tristique vitae cursus dolor, diam ultricies. Ac urna, lacus, ut et ut tempus. Ornare tortor elit egestas nisl, cursus est. Non mi in facilisis tristique vitae cursus dolor, diam ultricies. Ac urna, lacus, ut et ut tempus. Ornare tortor elit egestas nisl, cursus est.<\/p>\t\t\t\t\t\t\t\t<\/div>\n\t\t\t\t<\/div>\n\t\t\t\t<div class=\"elementor-element elementor-element-0094705 elementor-widget elementor-widget-text-editor\" data-id=\"0094705\" data-element_type=\"widget\" data-widget_type=\"text-editor.default\">\n\t\t\t\t<div class=\"elementor-widget-container\">\n\t\t\t\t\t\t\t\t\t<p>Learn more<\/p>\t\t\t\t\t\t\t\t<\/div>\n\t\t\t\t<\/div>\n\t\t\t\t\t<\/div>\n\t\t<\/div>\n\t\t\t\t\t<\/div>\n\t\t<\/section>\n\t\t\t\t<section class=\"elementor-section elementor-top-section elementor-element elementor-element-b422574 elementor-section-full_width elementor-section-height-default elementor-section-height-default\" data-id=\"b422574\" data-element_type=\"section\" data-settings=\"{&quot;background_background&quot;:&quot;classic&quot;}\">\n\t\t\t\t\t\t<div class=\"elementor-container elementor-column-gap-wider\">\n\t\t\t\t\t<div class=\"elementor-column elementor-col-50 elementor-top-column elementor-element elementor-element-eb802eb\" data-id=\"eb802eb\" data-element_type=\"column\">\n\t\t\t<div class=\"elementor-widget-wrap elementor-element-populated\">\n\t\t\t\t\t\t<div class=\"elementor-element elementor-element-7dff45c elementor-widget elementor-widget-image\" data-id=\"7dff45c\" data-element_type=\"widget\" data-widget_type=\"image.default\">\n\t\t\t\t<div class=\"elementor-widget-container\">\n\t\t\t\t\t\t\t\t\t\t\t\t\t\t\t<img decoding=\"async\" width=\"636\" height=\"472\" data-src=\"https:\/\/gspotkiteboarding.lt\/wp-content\/uploads\/2021\/03\/kimson-doan-AZMmUy2qL6A-unsplash-1.jpg\" class=\"attachment-large size-large wp-image-323 lazyload\" alt=\"\" data-srcset=\"https:\/\/gspotkiteboarding.lt\/wp-content\/uploads\/2021\/03\/kimson-doan-AZMmUy2qL6A-unsplash-1.jpg 636w, https:\/\/gspotkiteboarding.lt\/wp-content\/uploads\/2021\/03\/kimson-doan-AZMmUy2qL6A-unsplash-1-600x445.jpg 600w\" data-sizes=\"(max-width: 636px) 100vw, 636px\" src=\"data:image\/gif;base64,R0lGODlhAQABAAAAACH5BAEKAAEALAAAAAABAAEAAAICTAEAOw==\" style=\"--smush-placeholder-width: 636px; --smush-placeholder-aspect-ratio: 636\/472;\" \/>\t\t\t\t\t\t\t\t\t\t\t\t\t\t\t<\/div>\n\t\t\t\t<\/div>\n\t\t\t\t\t<\/div>\n\t\t<\/div>\n\t\t\t\t<div class=\"elementor-column elementor-col-50 elementor-top-column elementor-element elementor-element-06af454\" data-id=\"06af454\" data-element_type=\"column\">\n\t\t\t<div class=\"elementor-widget-wrap elementor-element-populated\">\n\t\t\t\t\t\t<div class=\"elementor-element elementor-element-9f135e5 elementor-widget elementor-widget-heading\" data-id=\"9f135e5\" data-element_type=\"widget\" data-widget_type=\"heading.default\">\n\t\t\t\t<div class=\"elementor-widget-container\">\n\t\t\t\t\t<h2 class=\"elementor-heading-title elementor-size-default\">TEAM BUILDING<\/h2>\t\t\t\t<\/div>\n\t\t\t\t<\/div>\n\t\t\t\t<div class=\"elementor-element elementor-element-0720cb3 elementor-widget elementor-widget-text-editor\" data-id=\"0720cb3\" data-element_type=\"widget\" data-widget_type=\"text-editor.default\">\n\t\t\t\t<div class=\"elementor-widget-container\">\n\t\t\t\t\t\t\t\t\t<p>Lorem ipsum dolor sit amet, consectetur adipiscing elit. Arcu odio nam convallis tristique aliquet dignissim. Non mi in facilisis tristique vitae cursus dolor, diam ultricies. Ac urna, lacus, ut et ut tempus. Ornare tortor elit egestas nisl, cursus est. Non mi in facilisis tristique vitae cursus dolor, diam ultricies. Ac urna, lacus, ut et ut tempus. Ornare tortor elit egestas nisl, cursus est.<\/p>\t\t\t\t\t\t\t\t<\/div>\n\t\t\t\t<\/div>\n\t\t\t\t<div class=\"elementor-element elementor-element-e0fe7c7 elementor-align-left elementor-widget elementor-widget-button\" data-id=\"e0fe7c7\" data-element_type=\"widget\" data-widget_type=\"button.default\">\n\t\t\t\t<div class=\"elementor-widget-container\">\n\t\t\t\t\t\t\t\t\t<div class=\"elementor-button-wrapper\">\n\t\t\t\t\t<a class=\"elementor-button elementor-button-link elementor-size-sm\" href=\"#elementor-action%3Aaction%3Dpopup%3Aopen%26settings%3DeyJpZCI6IjE1OTIiLCJ0b2dnbGUiOmZhbHNlfQ%3D%3D\">\n\t\t\t\t\t\t<span class=\"elementor-button-content-wrapper\">\n\t\t\t\t\t\t\t\t\t<span class=\"elementor-button-text\">REGISTRATION<\/span>\n\t\t\t\t\t<\/span>\n\t\t\t\t\t<\/a>\n\t\t\t\t<\/div>\n\t\t\t\t\t\t\t\t<\/div>\n\t\t\t\t<\/div>\n\t\t\t\t\t<\/div>\n\t\t<\/div>\n\t\t\t\t\t<\/div>\n\t\t<\/section>\n\t\t\t\t<\/div>","protected":false},"excerpt":{"rendered":"<p>J\u0116GOS AITVAR\u0172 IR VASAROS PRAMOG\u0172 STOVYKLA &#8222;GSPOT&#8221; Nepamir\u0161tama vasara su v\u0117ju, aitvarais ir atradimais prasideda \u010cIA! Bir\u017eelio 18-20 d. kvie\u010diame \u012f j\u0117gos aitvar\u0173 ir vasaros pramog\u0173 stovykl\u0105 &#8222;Gspot\u201c Svencel\u0117je! Stovyklos metu mokysim\u0117s valdyti j\u0117gos aitvar\u0105, taip pat j\u016bs\u0173\u00a0lauks \u012fkvepian\u010dios treniruot\u0117s,\u00a0\u00a0per kurias pamilsite sport\u0105 visam gyvenimui, kitos vandens pramogos, \u0161okiai iki ryto su DJ muzika ir [&hellip;]<\/p>","protected":false},"author":1,"featured_media":0,"parent":0,"menu_order":0,"comment_status":"closed","ping_status":"closed","template":"elementor_header_footer","meta":{"inline_featured_image":false,"ocean_post_layout":"","ocean_both_sidebars_style":"","ocean_both_sidebars_content_width":0,"ocean_both_sidebars_sidebars_width":0,"ocean_sidebar":"0","ocean_second_sidebar":"0","ocean_disable_margins":"enable","ocean_add_body_class":"","ocean_shortcode_before_top_bar":"","ocean_shortcode_after_top_bar":"","ocean_shortcode_before_header":"","ocean_shortcode_after_header":"","ocean_has_shortcode":"","ocean_shortcode_after_title":"","ocean_shortcode_before_footer_widgets":"","ocean_shortcode_after_footer_widgets":"","ocean_shortcode_before_footer_bottom":"","ocean_shortcode_after_footer_bottom":"","ocean_display_top_bar":"default","ocean_display_header":"default","ocean_header_style":"","ocean_center_header_left_menu":"0","ocean_custom_header_template":"0","ocean_custom_logo":0,"ocean_custom_retina_logo":0,"ocean_custom_logo_max_width":0,"ocean_custom_logo_tablet_max_width":0,"ocean_custom_logo_mobile_max_width":0,"ocean_custom_logo_max_height":0,"ocean_custom_logo_tablet_max_height":0,"ocean_custom_logo_mobile_max_height":0,"ocean_header_custom_menu":"0","ocean_menu_typo_font_family":"0","ocean_menu_typo_font_subset":"","ocean_menu_typo_font_size":0,"ocean_menu_typo_font_size_tablet":0,"ocean_menu_typo_font_size_mobile":0,"ocean_menu_typo_font_size_unit":"px","ocean_menu_typo_font_weight":"","ocean_menu_typo_font_weight_tablet":"","ocean_menu_typo_font_weight_mobile":"","ocean_menu_typo_transform":"","ocean_menu_typo_transform_tablet":"","ocean_menu_typo_transform_mobile":"","ocean_menu_typo_line_height":0,"ocean_menu_typo_line_height_tablet":0,"ocean_menu_typo_line_height_mobile":0,"ocean_menu_typo_line_height_unit":"","ocean_menu_typo_spacing":0,"ocean_menu_typo_spacing_tablet":0,"ocean_menu_typo_spacing_mobile":0,"ocean_menu_typo_spacing_unit":"","ocean_menu_link_color":"","ocean_menu_link_color_hover":"","ocean_menu_link_color_active":"","ocean_menu_link_background":"","ocean_menu_link_hover_background":"","ocean_menu_link_active_background":"","ocean_menu_social_links_bg":"","ocean_menu_social_hover_links_bg":"","ocean_menu_social_links_color":"","ocean_menu_social_hover_links_color":"","ocean_disable_title":"default","ocean_disable_heading":"default","ocean_post_title":"","ocean_post_subheading":"","ocean_post_title_style":"","ocean_post_title_background_color":"","ocean_post_title_background":0,"ocean_post_title_bg_image_position":"","ocean_post_title_bg_image_attachment":"","ocean_post_title_bg_image_repeat":"","ocean_post_title_bg_image_size":"","ocean_post_title_height":0,"ocean_post_title_bg_overlay":0.5,"ocean_post_title_bg_overlay_color":"","ocean_disable_breadcrumbs":"default","ocean_breadcrumbs_color":"","ocean_breadcrumbs_separator_color":"","ocean_breadcrumbs_links_color":"","ocean_breadcrumbs_links_hover_color":"","ocean_display_footer_widgets":"default","ocean_display_footer_bottom":"default","ocean_custom_footer_template":"0","footnotes":""},"class_list":["post-1869","page","type-page","status-publish","hentry","entry","owp-thumbs-layout-horizontal","owp-btn-normal","owp-tabs-layout-horizontal","has-no-thumbnails","has-product-nav"],"yoast_head":"<!-- This site is optimized with the Yoast SEO plugin v24.6 - https:\/\/yoast.com\/wordpress\/plugins\/seo\/ -->\n<title>Stovykla - gspotkiteboarding.lt<\/title>\n<meta name=\"robots\" content=\"index, follow, max-snippet:-1, max-image-preview:large, max-video-preview:-1\" \/>\n<link rel=\"canonical\" href=\"https:\/\/gspotkiteboarding.lt\/en\/stovykla\/\" \/>\n<meta property=\"og:locale\" content=\"en_GB\" \/>\n<meta property=\"og:type\" content=\"article\" \/>\n<meta property=\"og:title\" content=\"Stovykla - gspotkiteboarding.lt\" \/>\n<meta property=\"og:description\" content=\"J\u0116GOS AITVAR\u0172 IR VASAROS PRAMOG\u0172 STOVYKLA &#8222;GSPOT&#8221; Nepamir\u0161tama vasara su v\u0117ju, aitvarais ir atradimais prasideda \u010cIA! Bir\u017eelio 18-20 d. kvie\u010diame \u012f j\u0117gos aitvar\u0173 ir vasaros pramog\u0173 stovykl\u0105 &#8222;Gspot\u201c Svencel\u0117je! Stovyklos metu mokysim\u0117s valdyti j\u0117gos aitvar\u0105, taip pat j\u016bs\u0173\u00a0lauks \u012fkvepian\u010dios treniruot\u0117s,\u00a0\u00a0per kurias pamilsite sport\u0105 visam gyvenimui, kitos vandens pramogos, \u0161okiai iki ryto su DJ muzika ir [&hellip;]\" \/>\n<meta property=\"og:url\" content=\"https:\/\/gspotkiteboarding.lt\/en\/stovykla\/\" \/>\n<meta property=\"og:site_name\" content=\"gspotkiteboarding.lt\" \/>\n<meta property=\"article:publisher\" content=\"https:\/\/www.facebook.com\/gspotkiteboarding\" \/>\n<meta property=\"article:modified_time\" content=\"2021-05-17T12:39:18+00:00\" \/>\n<meta property=\"og:image\" content=\"https:\/\/gspotkiteboarding.lt\/wp-content\/uploads\/2021\/04\/thumbnail.jpg\" \/>\n\t<meta property=\"og:image:width\" content=\"1200\" \/>\n\t<meta property=\"og:image:height\" content=\"630\" \/>\n\t<meta property=\"og:image:type\" content=\"image\/jpeg\" \/>\n<meta name=\"twitter:card\" content=\"summary_large_image\" \/>\n<meta name=\"twitter:label1\" content=\"Estimated reading time\" \/>\n\t<meta name=\"twitter:data1\" content=\"2 minutes\" \/>\n<script type=\"application\/ld+json\" class=\"yoast-schema-graph\">{\"@context\":\"https:\/\/schema.org\",\"@graph\":[{\"@type\":\"WebPage\",\"@id\":\"https:\/\/gspotkiteboarding.lt\/stovykla\/\",\"url\":\"https:\/\/gspotkiteboarding.lt\/stovykla\/\",\"name\":\"Stovykla - gspotkiteboarding.lt\",\"isPartOf\":{\"@id\":\"https:\/\/gspotkiteboarding.lt\/#website\"},\"primaryImageOfPage\":{\"@id\":\"https:\/\/gspotkiteboarding.lt\/stovykla\/#primaryimage\"},\"image\":{\"@id\":\"https:\/\/gspotkiteboarding.lt\/stovykla\/#primaryimage\"},\"thumbnailUrl\":\"http:\/\/gspotkiteboarding.lt\/wp-content\/uploads\/2021\/03\/Kursai-1.jpg\",\"datePublished\":\"2021-04-07T16:14:21+00:00\",\"dateModified\":\"2021-05-17T12:39:18+00:00\",\"breadcrumb\":{\"@id\":\"https:\/\/gspotkiteboarding.lt\/stovykla\/#breadcrumb\"},\"inLanguage\":\"en-GB\",\"potentialAction\":[{\"@type\":\"ReadAction\",\"target\":[\"https:\/\/gspotkiteboarding.lt\/stovykla\/\"]}]},{\"@type\":\"ImageObject\",\"inLanguage\":\"en-GB\",\"@id\":\"https:\/\/gspotkiteboarding.lt\/stovykla\/#primaryimage\",\"url\":\"http:\/\/gspotkiteboarding.lt\/wp-content\/uploads\/2021\/03\/Kursai-1.jpg\",\"contentUrl\":\"http:\/\/gspotkiteboarding.lt\/wp-content\/uploads\/2021\/03\/Kursai-1.jpg\"},{\"@type\":\"BreadcrumbList\",\"@id\":\"https:\/\/gspotkiteboarding.lt\/stovykla\/#breadcrumb\",\"itemListElement\":[{\"@type\":\"ListItem\",\"position\":1,\"name\":\"Home\",\"item\":\"https:\/\/gspotkiteboarding.lt\/\"},{\"@type\":\"ListItem\",\"position\":2,\"name\":\"Stovykla\"}]},{\"@type\":\"WebSite\",\"@id\":\"https:\/\/gspotkiteboarding.lt\/#website\",\"url\":\"https:\/\/gspotkiteboarding.lt\/\",\"name\":\"gspotkiteboarding.lt\",\"description\":\"laikas i\u0161\u0161\u016bkiams!\",\"potentialAction\":[{\"@type\":\"SearchAction\",\"target\":{\"@type\":\"EntryPoint\",\"urlTemplate\":\"https:\/\/gspotkiteboarding.lt\/?s={search_term_string}\"},\"query-input\":{\"@type\":\"PropertyValueSpecification\",\"valueRequired\":true,\"valueName\":\"search_term_string\"}}],\"inLanguage\":\"en-GB\"}]}<\/script>\n<!-- \/ Yoast SEO plugin. -->","yoast_head_json":{"title":"Stovykla - gspotkiteboarding.lt","robots":{"index":"index","follow":"follow","max-snippet":"max-snippet:-1","max-image-preview":"max-image-preview:large","max-video-preview":"max-video-preview:-1"},"canonical":"https:\/\/gspotkiteboarding.lt\/en\/stovykla\/","og_locale":"en_GB","og_type":"article","og_title":"Stovykla - gspotkiteboarding.lt","og_description":"J\u0116GOS AITVAR\u0172 IR VASAROS PRAMOG\u0172 STOVYKLA &#8222;GSPOT&#8221; Nepamir\u0161tama vasara su v\u0117ju, aitvarais ir atradimais prasideda \u010cIA! Bir\u017eelio 18-20 d. kvie\u010diame \u012f j\u0117gos aitvar\u0173 ir vasaros pramog\u0173 stovykl\u0105 &#8222;Gspot\u201c Svencel\u0117je! Stovyklos metu mokysim\u0117s valdyti j\u0117gos aitvar\u0105, taip pat j\u016bs\u0173\u00a0lauks \u012fkvepian\u010dios treniruot\u0117s,\u00a0\u00a0per kurias pamilsite sport\u0105 visam gyvenimui, kitos vandens pramogos, \u0161okiai iki ryto su DJ muzika ir [&hellip;]","og_url":"https:\/\/gspotkiteboarding.lt\/en\/stovykla\/","og_site_name":"gspotkiteboarding.lt","article_publisher":"https:\/\/www.facebook.com\/gspotkiteboarding","article_modified_time":"2021-05-17T12:39:18+00:00","og_image":[{"width":1200,"height":630,"url":"https:\/\/gspotkiteboarding.lt\/wp-content\/uploads\/2021\/04\/thumbnail.jpg","type":"image\/jpeg"}],"twitter_card":"summary_large_image","twitter_misc":{"Estimated reading time":"2 minutes"},"schema":{"@context":"https:\/\/schema.org","@graph":[{"@type":"WebPage","@id":"https:\/\/gspotkiteboarding.lt\/stovykla\/","url":"https:\/\/gspotkiteboarding.lt\/stovykla\/","name":"Stovykla - gspotkiteboarding.lt","isPartOf":{"@id":"https:\/\/gspotkiteboarding.lt\/#website"},"primaryImageOfPage":{"@id":"https:\/\/gspotkiteboarding.lt\/stovykla\/#primaryimage"},"image":{"@id":"https:\/\/gspotkiteboarding.lt\/stovykla\/#primaryimage"},"thumbnailUrl":"http:\/\/gspotkiteboarding.lt\/wp-content\/uploads\/2021\/03\/Kursai-1.jpg","datePublished":"2021-04-07T16:14:21+00:00","dateModified":"2021-05-17T12:39:18+00:00","breadcrumb":{"@id":"https:\/\/gspotkiteboarding.lt\/stovykla\/#breadcrumb"},"inLanguage":"en-GB","potentialAction":[{"@type":"ReadAction","target":["https:\/\/gspotkiteboarding.lt\/stovykla\/"]}]},{"@type":"ImageObject","inLanguage":"en-GB","@id":"https:\/\/gspotkiteboarding.lt\/stovykla\/#primaryimage","url":"http:\/\/gspotkiteboarding.lt\/wp-content\/uploads\/2021\/03\/Kursai-1.jpg","contentUrl":"http:\/\/gspotkiteboarding.lt\/wp-content\/uploads\/2021\/03\/Kursai-1.jpg"},{"@type":"BreadcrumbList","@id":"https:\/\/gspotkiteboarding.lt\/stovykla\/#breadcrumb","itemListElement":[{"@type":"ListItem","position":1,"name":"Home","item":"https:\/\/gspotkiteboarding.lt\/"},{"@type":"ListItem","position":2,"name":"Stovykla"}]},{"@type":"WebSite","@id":"https:\/\/gspotkiteboarding.lt\/#website","url":"https:\/\/gspotkiteboarding.lt\/","name":"gspotkiteboarding.lt","description":"laikas i\u0161\u0161\u016bkiams!","potentialAction":[{"@type":"SearchAction","target":{"@type":"EntryPoint","urlTemplate":"https:\/\/gspotkiteboarding.lt\/?s={search_term_string}"},"query-input":{"@type":"PropertyValueSpecification","valueRequired":true,"valueName":"search_term_string"}}],"inLanguage":"en-GB"}]}},"_links":{"self":[{"href":"https:\/\/gspotkiteboarding.lt\/en\/wp-json\/wp\/v2\/pages\/1869","targetHints":{"allow":["GET"]}}],"collection":[{"href":"https:\/\/gspotkiteboarding.lt\/en\/wp-json\/wp\/v2\/pages"}],"about":[{"href":"https:\/\/gspotkiteboarding.lt\/en\/wp-json\/wp\/v2\/types\/page"}],"author":[{"embeddable":true,"href":"https:\/\/gspotkiteboarding.lt\/en\/wp-json\/wp\/v2\/users\/1"}],"replies":[{"embeddable":true,"href":"https:\/\/gspotkiteboarding.lt\/en\/wp-json\/wp\/v2\/comments?post=1869"}],"version-history":[{"count":12,"href":"https:\/\/gspotkiteboarding.lt\/en\/wp-json\/wp\/v2\/pages\/1869\/revisions"}],"predecessor-version":[{"id":3307,"href":"https:\/\/gspotkiteboarding.lt\/en\/wp-json\/wp\/v2\/pages\/1869\/revisions\/3307"}],"wp:attachment":[{"href":"https:\/\/gspotkiteboarding.lt\/en\/wp-json\/wp\/v2\/media?parent=1869"}],"curies":[{"name":"wp","href":"https:\/\/api.w.org\/{rel}","templated":true}]}}