{"id":1548,"date":"2021-03-28T04:45:59","date_gmt":"2021-03-28T04:45:59","guid":{"rendered":"https:\/\/gspotkiteboarding.lt\/?page_id=1548"},"modified":"2021-04-17T06:51:15","modified_gmt":"2021-04-17T06:51:15","slug":"puslapio-salygos","status":"publish","type":"page","link":"https:\/\/gspotkiteboarding.lt\/en\/puslapio-salygos\/","title":{"rendered":"Page conditions"},"content":{"rendered":"<div data-elementor-type=\"wp-page\" data-elementor-id=\"1548\" class=\"elementor elementor-1548\" data-elementor-post-type=\"page\">\n\t\t\t\t\t\t<section class=\"elementor-section elementor-top-section elementor-element elementor-element-7ab01fa elementor-section-full_width elementor-section-height-default elementor-section-height-default\" data-id=\"7ab01fa\" data-element_type=\"section\" data-settings=\"{&quot;background_background&quot;:&quot;classic&quot;}\">\n\t\t\t\t\t\t<div class=\"elementor-container elementor-column-gap-wider\">\n\t\t\t\t\t<div class=\"elementor-column elementor-col-100 elementor-top-column elementor-element elementor-element-baf9bda\" data-id=\"baf9bda\" data-element_type=\"column\">\n\t\t\t<div class=\"elementor-widget-wrap elementor-element-populated\">\n\t\t\t\t\t\t<div class=\"elementor-element elementor-element-996c3cb elementor-widget elementor-widget-heading\" data-id=\"996c3cb\" data-element_type=\"widget\" data-widget_type=\"heading.default\">\n\t\t\t\t<div class=\"elementor-widget-container\">\n\t\t\t\t\t<h2 class=\"elementor-heading-title elementor-size-default\">Page conditions<\/h2>\t\t\t\t<\/div>\n\t\t\t\t<\/div>\n\t\t\t\t\t<\/div>\n\t\t<\/div>\n\t\t\t\t\t<\/div>\n\t\t<\/section>\n\t\t\t\t<section class=\"elementor-section elementor-top-section elementor-element elementor-element-f9306be elementor-section-full_width elementor-section-height-default elementor-section-height-default\" data-id=\"f9306be\" data-element_type=\"section\" data-settings=\"{&quot;background_background&quot;:&quot;classic&quot;}\">\n\t\t\t\t\t\t<div class=\"elementor-container elementor-column-gap-wide\">\n\t\t\t\t\t<div class=\"elementor-column elementor-col-100 elementor-top-column elementor-element elementor-element-bf71e5a\" data-id=\"bf71e5a\" data-element_type=\"column\">\n\t\t\t<div class=\"elementor-widget-wrap elementor-element-populated\">\n\t\t\t\t\t\t<div class=\"elementor-element elementor-element-b262461 elementor-widget elementor-widget-text-editor\" data-id=\"b262461\" data-element_type=\"widget\" data-widget_type=\"text-editor.default\">\n\t\t\t\t<div class=\"elementor-widget-container\">\n\t\t\t\t\t\t\t\t\t<ol><li><p>General provisions.<br \/>1.1. These rules for the purchase and sale of goods (hereinafter referred to as the Rules) are a legal document binding on the Parties, which establishes the rights, obligations and responsibilities of the Buyer and the Seller when the Buyer purchases goods in the e-store.<br \/>1.2. The Seller reserves the right to change, amend or supplement the Rules at any time, taking into account the requirements established by legal acts. The Buyer is informed on the e-store website. When the Buyer makes purchases in the e-store, the Rules in force at the time of placing the order apply.<br \/>1.3. The following have the right to purchase in the e-store:<br \/>1.3.1. capable natural persons, i.e. persons who have reached the age of majority and whose legal capacity is not restricted by court order;<br \/>1.3.2. minors, only with the consent of their parents or guardians, except in cases where they independently dispose of their income;<br \/>1.3.3. legal entities;<br \/>1.3.4. authorized representatives of all the above-mentioned persons.<br \/>1.4. By approving the rules, the Seller also guarantees that, in accordance with clause 1.3 of the rules, the Buyer has the right to purchase goods in the e-store.<br \/>1.5. The contract between the Buyer and the Seller is considered concluded from the moment when the Buyer, having created a shopping cart in the e-shop, selected a payment method and familiarized himself with the Seller&#039;s rules, clicks the button <span style=\"color: #000000;\">&quot;Buy&quot;.<\/span><br \/>1.6. Each contract concluded between the Buyer and the Seller is stored in the e-store.<br \/>2. Protection of personal data.<br \/>2.1. The Buyer can order goods in the e-store:<br \/>2.1.1. by registering in this e-shop \u2013 by entering the data requested during registration;<br \/>2.2. When ordering goods in the manner provided for in clause 2.1 of the Rules, the Buyer must indicate the Buyer&#039;s personal data necessary for the proper execution of the order for goods in the relevant information fields provided by the Seller: name, surname, telephone number and e-mail address.<br \/>2.3. By approving these rules, the Buyer agrees that the Buyer&#039;s personal data provided in clause 2.2. will be processed in the e-store for the sale of goods and services, for the purposes of analyzing the Seller&#039;s activities.<br \/>2.4. By agreeing to the processing of the Buyer&#039;s personal data for the purpose of selling goods and services in the Seller&#039;s e-shop, the Buyer also agrees to the sending of information messages necessary for the fulfillment of the order for goods to the e-mail address specified by the Buyer.<br \/>3. Buyer&#039;s rights and obligations.<br \/>3.1. The Buyer has the right to purchase goods in the e-store in accordance with the procedure established in these Rules and other information sections of this e-store.<br \/>3.2. The Buyer does not have the right to withdraw from the contract of purchase and sale of goods with the e-store and demand a refund for the goods if the Seller was unable to provide the service due to his fault. Also, the Buyer cannot demand a refund if the service was not used before 2021.10.01.\u00a0<br \/>3.3. By using the e-store, the Buyer agrees to these Terms of Sale and undertakes to comply with them and not to violate the legal acts of the Republic of Lithuania.<br \/>4. Seller&#039;s rights and obligations.<br \/>4.1. The Seller undertakes to provide all conditions for the Buyer to properly use the services provided by the e-store.<br \/>4.2. If the Buyer attempts to undermine the stability and security of the Seller&#039;s e-store or violates its obligations, the Seller has the right to immediately and without warning restrict or suspend the Buyer&#039;s ability to use the e-store.<br \/>4.3. The Seller undertakes to respect the Buyer&#039;s right to privacy regarding the Buyer&#039;s personal information specified in the e-store registration form.<br \/>4.4. The Seller undertakes to provide the Buyer with the purchased services.<br \/>5. Ordering goods, prices, payment procedure, terms.<br \/>5.1. The Buyer can make purchases in the e-store 24 hours a day, 7 days a week.<br \/>5.2. The Agreement enters into force from the moment the Buyer clicks the &quot;Buy&quot; button.<br \/>5.3. The prices of goods in the e-shop and in the formed order are indicated in Euros, including VAT.<br \/>5.4. The Buyer shall pay for the goods in one of the following ways:<br \/>5.4.1. Payment using e-banking is a prepayment (immediately after placing an order) using the e-banking system used by the Buyer. The responsibility for data security in this case lies with the relevant bank, since all monetary transactions take place in the bank&#039;s e-banking system using the Opay payment platform.<br \/>6. Product quality, guarantees.<br \/>6.1. The data of each product or service sold in the e-store is generally indicated in the product description for each product.<br \/>7. Buyer and seller liability.<br \/>7.1. The Buyer is fully responsible for the accuracy of the personal data provided by the Buyer. If the Buyer does not provide accurate personal data in the registration form, the Seller is not liable for the consequences arising therefrom and acquires the right to claim compensation for direct losses incurred by the Buyer.<br \/>7.2. The buyer is responsible for the actions taken while using this e-shop.<br \/>7.3. The Seller is exempted from any liability in cases where losses arise due to the Buyer not having read these Rules, despite having been given such an opportunity, despite not having taken into account the Seller&#039;s recommendations and the Buyer&#039;s obligations.<br \/>7.4. If the Seller&#039;s e-shop contains links to the e-websites of other companies, institutions, organizations or individuals, the Seller is not responsible for the information contained there or the activities carried out there, does not supervise or control those websites and does not represent those companies and individuals.<br \/>7.5. In the event of damage, the at-fault Party shall compensate the other Party for direct losses.<br \/>8. Marketing and information.<br \/>8.1. The Seller may, at its discretion, initiate various promotions in the e-store.<br \/>8.2. The Seller has the right to unilaterally, without separate notice, change the terms and conditions of the promotion, as well as cancel them. Any change or cancellation of the terms and conditions and procedure of the promotion is valid only in the future, that is, from the moment of their execution.<br \/>8.3. The Seller sends all notifications via the means of communication specified in the Buyer&#039;s registration form.<br \/>10.4. The Buyer shall send all messages and questions to the telephone numbers and e-mail addresses specified in the &quot;Contacts&quot; section of the Seller&#039;s website.<br \/>8.5. The Seller is not liable if the Buyer does not receive sent information or confirmation messages due to disruptions in the networks of Internet connection and email service providers.<br \/>9. Final provisions.<br \/>9.1. These Rules for the purchase and sale of goods have been drawn up in accordance with the laws and legal acts of the Republic of Lithuania.<br \/><span style=\"color: #000000;\">9.2.<\/span> All disagreements arising from the implementation of these Rules shall be resolved through negotiations. If an agreement cannot be reached, disputes shall be resolved in accordance with the procedure established by the laws of the Republic of Lithuania.<\/p><\/li><\/ol><div>\u00a0<\/div><div><span style=\"font-family: Montserrat, sans-serif; font-size: 16px; font-style: normal; font-variant-ligatures: normal; font-variant-caps: normal; font-weight: 400;\">After payment of the order, the Buyer will be contacted within 24 hours of payment. If you have not received any news more than 24 hours after payment, please contact us by e-mail: gspot@kiteboarding.lt or by phone: +370 611 411 71.<\/span><\/div>\t\t\t\t\t\t\t\t<\/div>\n\t\t\t\t<\/div>\n\t\t\t\t\t<\/div>\n\t\t<\/div>\n\t\t\t\t\t<\/div>\n\t\t<\/section>\n\t\t\t\t<\/div>","protected":false},"excerpt":{"rendered":"<p>Puslapio s\u0105lygos Bendrosios nuostatos. 1.1. \u0160ios preki\u0173 pirkimo \u2013 pardavimo taisykl\u0117s (toliau \u2013 Taisykl\u0117s) yra \u0160alims privalomas teisinis dokumentas, kuris nustato Pirk\u0117jo ir Pardav\u0117jo teises, pareigas ir atsakomyb\u0119 Pirk\u0117jui \u012fsigyjant prekes el. parduotuv\u0117je. 1.2. Pardav\u0117jas pasilieka teis\u0119 bet kuriuo metu pakeisti, taisyti ar papildyti taisykles, atsi\u017evelgdamas \u012f teis\u0117s akt\u0173 nustatytus reikalavimus. Pirk\u0117jas informuojamas el. parduotuv\u0117s [&hellip;]<\/p>","protected":false},"author":1,"featured_media":0,"parent":0,"menu_order":0,"comment_status":"closed","ping_status":"open","template":"elementor_header_footer","meta":{"inline_featured_image":false,"ocean_post_layout":"full-width","ocean_both_sidebars_style":"","ocean_both_sidebars_content_width":0,"ocean_both_sidebars_sidebars_width":0,"ocean_sidebar":"0","ocean_second_sidebar":"0","ocean_disable_margins":"on","ocean_add_body_class":"","ocean_shortcode_before_top_bar":"","ocean_shortcode_after_top_bar":"","ocean_shortcode_before_header":"","ocean_shortcode_after_header":"","ocean_has_shortcode":"","ocean_shortcode_after_title":"","ocean_shortcode_before_footer_widgets":"","ocean_shortcode_after_footer_widgets":"","ocean_shortcode_before_footer_bottom":"","ocean_shortcode_after_footer_bottom":"","ocean_display_top_bar":"default","ocean_display_header":"default","ocean_header_style":"","ocean_center_header_left_menu":"0","ocean_custom_header_template":"0","ocean_custom_logo":0,"ocean_custom_retina_logo":0,"ocean_custom_logo_max_width":0,"ocean_custom_logo_tablet_max_width":0,"ocean_custom_logo_mobile_max_width":0,"ocean_custom_logo_max_height":0,"ocean_custom_logo_tablet_max_height":0,"ocean_custom_logo_mobile_max_height":0,"ocean_header_custom_menu":"0","ocean_menu_typo_font_family":"0","ocean_menu_typo_font_subset":"","ocean_menu_typo_font_size":0,"ocean_menu_typo_font_size_tablet":0,"ocean_menu_typo_font_size_mobile":0,"ocean_menu_typo_font_size_unit":"px","ocean_menu_typo_font_weight":"","ocean_menu_typo_font_weight_tablet":"","ocean_menu_typo_font_weight_mobile":"","ocean_menu_typo_transform":"","ocean_menu_typo_transform_tablet":"","ocean_menu_typo_transform_mobile":"","ocean_menu_typo_line_height":0,"ocean_menu_typo_line_height_tablet":0,"ocean_menu_typo_line_height_mobile":0,"ocean_menu_typo_line_height_unit":"","ocean_menu_typo_spacing":0,"ocean_menu_typo_spacing_tablet":0,"ocean_menu_typo_spacing_mobile":0,"ocean_menu_typo_spacing_unit":"","ocean_menu_link_color":"","ocean_menu_link_color_hover":"","ocean_menu_link_color_active":"","ocean_menu_link_background":"","ocean_menu_link_hover_background":"","ocean_menu_link_active_background":"","ocean_menu_social_links_bg":"","ocean_menu_social_hover_links_bg":"","ocean_menu_social_links_color":"","ocean_menu_social_hover_links_color":"","ocean_disable_title":"on","ocean_disable_heading":"default","ocean_post_title":"","ocean_post_subheading":"","ocean_post_title_style":"","ocean_post_title_background_color":"","ocean_post_title_background":0,"ocean_post_title_bg_image_position":"","ocean_post_title_bg_image_attachment":"","ocean_post_title_bg_image_repeat":"","ocean_post_title_bg_image_size":"","ocean_post_title_height":0,"ocean_post_title_bg_overlay":0.5,"ocean_post_title_bg_overlay_color":"","ocean_disable_breadcrumbs":"default","ocean_breadcrumbs_color":"","ocean_breadcrumbs_separator_color":"","ocean_breadcrumbs_links_color":"","ocean_breadcrumbs_links_hover_color":"","ocean_display_footer_widgets":"default","ocean_display_footer_bottom":"default","ocean_custom_footer_template":"0","footnotes":""},"class_list":["post-1548","page","type-page","status-publish","hentry","entry","owp-thumbs-layout-horizontal","owp-btn-normal","owp-tabs-layout-horizontal","has-no-thumbnails","has-product-nav"],"yoast_head":"<!-- This site is optimized with the Yoast SEO plugin v24.6 - https:\/\/yoast.com\/wordpress\/plugins\/seo\/ -->\n<title>Puslapio s\u0105lygos - gspotkiteboarding.lt<\/title>\n<meta name=\"robots\" content=\"index, follow, max-snippet:-1, max-image-preview:large, max-video-preview:-1\" \/>\n<link rel=\"canonical\" href=\"https:\/\/gspotkiteboarding.lt\/en\/puslapio-salygos\/\" \/>\n<meta property=\"og:locale\" content=\"en_GB\" \/>\n<meta property=\"og:type\" content=\"article\" \/>\n<meta property=\"og:title\" content=\"Puslapio s\u0105lygos - gspotkiteboarding.lt\" \/>\n<meta property=\"og:description\" content=\"Puslapio s\u0105lygos Bendrosios nuostatos. 1.1. \u0160ios preki\u0173 pirkimo \u2013 pardavimo taisykl\u0117s (toliau \u2013 Taisykl\u0117s) yra \u0160alims privalomas teisinis dokumentas, kuris nustato Pirk\u0117jo ir Pardav\u0117jo teises, pareigas ir atsakomyb\u0119 Pirk\u0117jui \u012fsigyjant prekes el. parduotuv\u0117je. 1.2. Pardav\u0117jas pasilieka teis\u0119 bet kuriuo metu pakeisti, taisyti ar papildyti taisykles, atsi\u017evelgdamas \u012f teis\u0117s akt\u0173 nustatytus reikalavimus. Pirk\u0117jas informuojamas el. parduotuv\u0117s [&hellip;]\" \/>\n<meta property=\"og:url\" content=\"https:\/\/gspotkiteboarding.lt\/en\/puslapio-salygos\/\" \/>\n<meta property=\"og:site_name\" content=\"gspotkiteboarding.lt\" \/>\n<meta property=\"article:publisher\" content=\"https:\/\/www.facebook.com\/gspotkiteboarding\" \/>\n<meta property=\"article:modified_time\" content=\"2021-04-17T06:51:15+00:00\" \/>\n<meta property=\"og:image\" content=\"https:\/\/gspotkiteboarding.lt\/wp-content\/uploads\/2021\/04\/thumbnail.jpg\" \/>\n\t<meta property=\"og:image:width\" content=\"1200\" \/>\n\t<meta property=\"og:image:height\" content=\"630\" \/>\n\t<meta property=\"og:image:type\" content=\"image\/jpeg\" \/>\n<meta name=\"twitter:card\" content=\"summary_large_image\" \/>\n<meta name=\"twitter:label1\" content=\"Estimated reading time\" \/>\n\t<meta name=\"twitter:data1\" content=\"4 minutes\" \/>\n<script type=\"application\/ld+json\" class=\"yoast-schema-graph\">{\"@context\":\"https:\/\/schema.org\",\"@graph\":[{\"@type\":\"WebPage\",\"@id\":\"https:\/\/gspotkiteboarding.lt\/puslapio-salygos\/\",\"url\":\"https:\/\/gspotkiteboarding.lt\/puslapio-salygos\/\",\"name\":\"Puslapio s\u0105lygos - gspotkiteboarding.lt\",\"isPartOf\":{\"@id\":\"https:\/\/gspotkiteboarding.lt\/#website\"},\"datePublished\":\"2021-03-28T04:45:59+00:00\",\"dateModified\":\"2021-04-17T06:51:15+00:00\",\"breadcrumb\":{\"@id\":\"https:\/\/gspotkiteboarding.lt\/puslapio-salygos\/#breadcrumb\"},\"inLanguage\":\"en-GB\",\"potentialAction\":[{\"@type\":\"ReadAction\",\"target\":[\"https:\/\/gspotkiteboarding.lt\/puslapio-salygos\/\"]}]},{\"@type\":\"BreadcrumbList\",\"@id\":\"https:\/\/gspotkiteboarding.lt\/puslapio-salygos\/#breadcrumb\",\"itemListElement\":[{\"@type\":\"ListItem\",\"position\":1,\"name\":\"Home\",\"item\":\"https:\/\/gspotkiteboarding.lt\/\"},{\"@type\":\"ListItem\",\"position\":2,\"name\":\"Puslapio s\u0105lygos\"}]},{\"@type\":\"WebSite\",\"@id\":\"https:\/\/gspotkiteboarding.lt\/#website\",\"url\":\"https:\/\/gspotkiteboarding.lt\/\",\"name\":\"gspotkiteboarding.lt\",\"description\":\"laikas i\u0161\u0161\u016bkiams!\",\"potentialAction\":[{\"@type\":\"SearchAction\",\"target\":{\"@type\":\"EntryPoint\",\"urlTemplate\":\"https:\/\/gspotkiteboarding.lt\/?s={search_term_string}\"},\"query-input\":{\"@type\":\"PropertyValueSpecification\",\"valueRequired\":true,\"valueName\":\"search_term_string\"}}],\"inLanguage\":\"en-GB\"}]}<\/script>\n<!-- \/ Yoast SEO plugin. -->","yoast_head_json":{"title":"Puslapio s\u0105lygos - gspotkiteboarding.lt","robots":{"index":"index","follow":"follow","max-snippet":"max-snippet:-1","max-image-preview":"max-image-preview:large","max-video-preview":"max-video-preview:-1"},"canonical":"https:\/\/gspotkiteboarding.lt\/en\/puslapio-salygos\/","og_locale":"en_GB","og_type":"article","og_title":"Puslapio s\u0105lygos - gspotkiteboarding.lt","og_description":"Puslapio s\u0105lygos Bendrosios nuostatos. 1.1. \u0160ios preki\u0173 pirkimo \u2013 pardavimo taisykl\u0117s (toliau \u2013 Taisykl\u0117s) yra \u0160alims privalomas teisinis dokumentas, kuris nustato Pirk\u0117jo ir Pardav\u0117jo teises, pareigas ir atsakomyb\u0119 Pirk\u0117jui \u012fsigyjant prekes el. parduotuv\u0117je. 1.2. Pardav\u0117jas pasilieka teis\u0119 bet kuriuo metu pakeisti, taisyti ar papildyti taisykles, atsi\u017evelgdamas \u012f teis\u0117s akt\u0173 nustatytus reikalavimus. Pirk\u0117jas informuojamas el. parduotuv\u0117s [&hellip;]","og_url":"https:\/\/gspotkiteboarding.lt\/en\/puslapio-salygos\/","og_site_name":"gspotkiteboarding.lt","article_publisher":"https:\/\/www.facebook.com\/gspotkiteboarding","article_modified_time":"2021-04-17T06:51:15+00:00","og_image":[{"width":1200,"height":630,"url":"https:\/\/gspotkiteboarding.lt\/wp-content\/uploads\/2021\/04\/thumbnail.jpg","type":"image\/jpeg"}],"twitter_card":"summary_large_image","twitter_misc":{"Estimated reading time":"4 minutes"},"schema":{"@context":"https:\/\/schema.org","@graph":[{"@type":"WebPage","@id":"https:\/\/gspotkiteboarding.lt\/puslapio-salygos\/","url":"https:\/\/gspotkiteboarding.lt\/puslapio-salygos\/","name":"Puslapio s\u0105lygos - gspotkiteboarding.lt","isPartOf":{"@id":"https:\/\/gspotkiteboarding.lt\/#website"},"datePublished":"2021-03-28T04:45:59+00:00","dateModified":"2021-04-17T06:51:15+00:00","breadcrumb":{"@id":"https:\/\/gspotkiteboarding.lt\/puslapio-salygos\/#breadcrumb"},"inLanguage":"en-GB","potentialAction":[{"@type":"ReadAction","target":["https:\/\/gspotkiteboarding.lt\/puslapio-salygos\/"]}]},{"@type":"BreadcrumbList","@id":"https:\/\/gspotkiteboarding.lt\/puslapio-salygos\/#breadcrumb","itemListElement":[{"@type":"ListItem","position":1,"name":"Home","item":"https:\/\/gspotkiteboarding.lt\/"},{"@type":"ListItem","position":2,"name":"Puslapio s\u0105lygos"}]},{"@type":"WebSite","@id":"https:\/\/gspotkiteboarding.lt\/#website","url":"https:\/\/gspotkiteboarding.lt\/","name":"gspotkiteboarding.lt","description":"laikas i\u0161\u0161\u016bkiams!","potentialAction":[{"@type":"SearchAction","target":{"@type":"EntryPoint","urlTemplate":"https:\/\/gspotkiteboarding.lt\/?s={search_term_string}"},"query-input":{"@type":"PropertyValueSpecification","valueRequired":true,"valueName":"search_term_string"}}],"inLanguage":"en-GB"}]}},"_links":{"self":[{"href":"https:\/\/gspotkiteboarding.lt\/en\/wp-json\/wp\/v2\/pages\/1548","targetHints":{"allow":["GET"]}}],"collection":[{"href":"https:\/\/gspotkiteboarding.lt\/en\/wp-json\/wp\/v2\/pages"}],"about":[{"href":"https:\/\/gspotkiteboarding.lt\/en\/wp-json\/wp\/v2\/types\/page"}],"author":[{"embeddable":true,"href":"https:\/\/gspotkiteboarding.lt\/en\/wp-json\/wp\/v2\/users\/1"}],"replies":[{"embeddable":true,"href":"https:\/\/gspotkiteboarding.lt\/en\/wp-json\/wp\/v2\/comments?post=1548"}],"version-history":[{"count":29,"href":"https:\/\/gspotkiteboarding.lt\/en\/wp-json\/wp\/v2\/pages\/1548\/revisions"}],"predecessor-version":[{"id":3173,"href":"https:\/\/gspotkiteboarding.lt\/en\/wp-json\/wp\/v2\/pages\/1548\/revisions\/3173"}],"wp:attachment":[{"href":"https:\/\/gspotkiteboarding.lt\/en\/wp-json\/wp\/v2\/media?parent=1548"}],"curies":[{"name":"wp","href":"https:\/\/api.w.org\/{rel}","templated":true}]}}